{"id":699,"date":"2025-03-19T21:04:44","date_gmt":"2025-03-19T21:04:44","guid":{"rendered":"https:\/\/cancerequality.eu\/?page_id=699"},"modified":"2025-03-31T13:23:40","modified_gmt":"2025-03-31T13:23:40","slug":"participant-organizations-2025","status":"publish","type":"page","link":"https:\/\/cancerequality.eu\/lv\/participant-organizations-2025\/","title":{"rendered":"Dal\u012bbnieku organiz\u0101cijas"},"content":{"rendered":"","protected":false},"excerpt":{"rendered":"","protected":false},"author":1,"featured_media":0,"parent":0,"menu_order":0,"comment_status":"closed","ping_status":"closed","template":"participant_orgs.php","meta":{"inline_featured_image":false,"footnotes":""},"class_list":["post-699","page","type-page","status-publish","hentry"],"acf":{"organizations":[{"title":"Latvijas onkolo\u0123ijas pacientu organiz\u0101ciju apvien\u012bba \u201cOnkoalianse\u201d, Latvija","country":"LV","logo":false},{"title":"Lietuvas V\u0113\u017ea pacientu koal\u012bcija (POLA), Lietuva","country":"LT","logo":false},{"title":"Fonds \u201cRakn\u2019 Roll\u201d, Polija","country":"PL","logo":false},{"title":"Rum\u0101nijas Nacion\u0101l\u0101 hronisko slim\u012bbu pacientu organiz\u0101ciju koal\u012bcija (COPAC), Rum\u0101nija","country":"RO","logo":false},{"title":"Bulg\u0101rijas Limfomas pacientu asoci\u0101cija, Bulg\u0101rija","country":"BG","logo":false},{"title":"\u201cV\u0113\u017ea pacientu balss \u010cehij\u0101\u201d, \u010cehija","country":"CZ","logo":false},{"title":"Panhel\u0113nisk\u0101 Sirds slim\u012bbu asoci\u0101cija, Grie\u0137ija","country":"GR","logo":false},{"title":"Maltas \u0122en\u0113tisko un genomisko konsult\u0101ciju asoci\u0101cija, Malta","country":"MT","logo":false},{"title":"Fonds \u201cMalta Community Chest Fund\u201d, Malta","country":"MT","logo":false},{"title":"Fonds \u201cHungerNdThirst Foundation\u201d, N\u012bderlande","country":"NL","logo":false},{"title":"\u201cCarciNor\u201d, Norv\u0113\u0123ija","country":"NO","logo":false},{"title":"\u201cNorlico\u201d, Norv\u0113\u0123ija","country":"NO","logo":false},{"title":"Limfomas pacientu asoci\u0101cija LIPA, Serbija","country":"RS","logo":false},{"title":"\u201cBrainstrust\u201d, Lielbrit\u0101nija","country":"GB","logo":false},{"title":"\u201cSalivary Gland Cancer UK\u201d, Lielbrit\u0101nija","country":"GB","logo":false},{"title":"\u201cIndependent Cancer Patients' Voice\u201d, Lielbrit\u0101nija","country":"GB","logo":false},{"title":"\u201cIndependent Cancer Patients' Voice\u201d, Zieme\u013c\u012brija","country":"IE","logo":false},{"title":"Pan-Kipras V\u0113\u017ea pacientu un draugu apvien\u012bba, Kipra","country":"CY","logo":false},{"title":"V\u0113\u017ea pacientu asoci\u0101cija \u201cK.E.F.I. of ATHENS\u201d, Grie\u0137ija","country":"GR","logo":false},{"title":"\u201cMT\u00dc Saaremaa V\u00e4hi\u00fching\u201d, Igaunija","country":"EE","logo":false},{"title":"Igaunijas V\u0113\u017ea t\u012bkls (ESTCAN), Igaunija","country":"EE","logo":false},{"title":"Labdar\u012bbas fonds kr\u016bts v\u0113\u017ea pacientu atbalstam \u201cRoz\u0101 vilciens\u201d, Latvija","country":"LV","logo":false},{"title":"Biedr\u012bba \u201cPar dz\u012bvot\u201d, Latvija","country":"LV","logo":false},{"title":"Melanomas pacientu atbalsta biedr\u012bba \u201cSoli priek\u0161\u0101 melanomai\u201d, Latvija,","country":"LV","logo":false},{"title":"Latvijas sievie\u0161u volontieru biedr\u012bba \u201cVita\u201d, Latvija","country":"LV","logo":false},{"title":"Zarnu v\u0113\u017ea pacientu biedr\u012bba \u201cEuropaColon Latvija\u201d, Latvija","country":"LV","logo":false},{"title":"V\u012brie\u0161u vesel\u012bbas kust\u012bba - fonds \u201cMovember Latvija\u201d","country":"LV","logo":false},{"title":"Plau\u0161u v\u0113\u017ea pacientu un tuvinieku biedr\u012bba, Latvija","country":"LV","logo":false},{"title":"Alianse v\u012brie\u0161u vesel\u012bbai \u201cDa\u017e\u0101das paaudzes par dz\u012bvi\u201d, Latvija","country":"LV","logo":false},{"title":"Eiropas V\u0113\u017ea organiz\u0101cija","country":"IT","logo":"https:\/\/cancerequality.eu\/wp-content\/uploads\/2022\/03\/European_Cancer_organisation.png"},{"title":"Iniciat\u012bva \u201cEnding Discrimination Against Cancer Survivors\u201d","country":"MK","logo":"https:\/\/cancerequality.eu\/wp-content\/uploads\/2025\/03\/Iniciativa_ending1.png"}],"text":"<h3>Eiropas pacientu organiz\u0101ciju 2. R\u012bgas kongresa \u201cVienl\u012bdz\u012bba, pieejam\u012bba un inov\u0101cijas v\u0113\u017ea \u0101rst\u0113\u0161an\u0101 ES\u201d dal\u012bbnieki p\u0101rst\u0101v sekojo\u0161as organiz\u0101cijas:<\/h3>\n<p>&nbsp;<\/p>\n"},"yoast_head":"<!-- This site is optimized with the Yoast SEO plugin v27.5 - https:\/\/yoast.com\/product\/yoast-seo-wordpress\/ -->\n<title>Dal\u012bbnieku organiz\u0101cijas - Cancer Equality<\/title>\n<meta name=\"robots\" content=\"index, follow, max-snippet:-1, max-image-preview:large, max-video-preview:-1\" \/>\n<link rel=\"canonical\" href=\"https:\/\/cancerequality.eu\/lv\/participant-organizations-2025\/\" \/>\n<meta property=\"og:locale\" content=\"lv_LV\" \/>\n<meta property=\"og:type\" content=\"article\" \/>\n<meta property=\"og:title\" content=\"Dal\u012bbnieku organiz\u0101cijas - Cancer Equality\" \/>\n<meta property=\"og:url\" content=\"https:\/\/cancerequality.eu\/lv\/participant-organizations-2025\/\" \/>\n<meta property=\"og:site_name\" content=\"Cancer Equality\" \/>\n<meta property=\"article:modified_time\" content=\"2025-03-31T13:23:40+00:00\" \/>\n<meta property=\"og:image\" content=\"https:\/\/cancerequality.eu\/wp-content\/uploads\/2022\/01\/onko_fb.jpg\" \/>\n\t<meta property=\"og:image:width\" content=\"1200\" \/>\n\t<meta property=\"og:image:height\" content=\"630\" \/>\n\t<meta property=\"og:image:type\" content=\"image\/jpeg\" \/>\n<meta name=\"twitter:card\" content=\"summary_large_image\" \/>\n<script type=\"application\/ld+json\" class=\"yoast-schema-graph\">{\"@context\":\"https:\\\/\\\/schema.org\",\"@graph\":[{\"@type\":\"WebPage\",\"@id\":\"https:\\\/\\\/cancerequality.eu\\\/lv\\\/participant-organizations-2025\\\/\",\"url\":\"https:\\\/\\\/cancerequality.eu\\\/lv\\\/participant-organizations-2025\\\/\",\"name\":\"Dal\u012bbnieku organiz\u0101cijas - Cancer Equality\",\"isPartOf\":{\"@id\":\"https:\\\/\\\/cancerequality.eu\\\/lv\\\/#website\"},\"datePublished\":\"2025-03-19T21:04:44+00:00\",\"dateModified\":\"2025-03-31T13:23:40+00:00\",\"breadcrumb\":{\"@id\":\"https:\\\/\\\/cancerequality.eu\\\/lv\\\/participant-organizations-2025\\\/#breadcrumb\"},\"inLanguage\":\"lv-LV\",\"potentialAction\":[{\"@type\":\"ReadAction\",\"target\":[[\"https:\\\/\\\/cancerequality.eu\\\/lv\\\/participant-organizations-2025\\\/\"]]}]},{\"@type\":\"BreadcrumbList\",\"@id\":\"https:\\\/\\\/cancerequality.eu\\\/lv\\\/participant-organizations-2025\\\/#breadcrumb\",\"itemListElement\":[{\"@type\":\"ListItem\",\"position\":1,\"name\":\"Home\",\"item\":\"https:\\\/\\\/cancerequality.eu\\\/lv\\\/\"},{\"@type\":\"ListItem\",\"position\":2,\"name\":\"Participant organizations\"}]},{\"@type\":\"WebSite\",\"@id\":\"https:\\\/\\\/cancerequality.eu\\\/lv\\\/#website\",\"url\":\"https:\\\/\\\/cancerequality.eu\\\/lv\\\/\",\"name\":\"Cancer Equality\",\"description\":\"On Equality in Beating Cancer\",\"publisher\":{\"@id\":\"https:\\\/\\\/cancerequality.eu\\\/lv\\\/#organization\"},\"potentialAction\":[{\"@type\":\"SearchAction\",\"target\":{\"@type\":\"EntryPoint\",\"urlTemplate\":\"https:\\\/\\\/cancerequality.eu\\\/lv\\\/?s={search_term_string}\"},\"query-input\":{\"@type\":\"PropertyValueSpecification\",\"valueRequired\":true,\"valueName\":\"search_term_string\"}}],\"inLanguage\":\"lv-LV\"},{\"@type\":\"Organization\",\"@id\":\"https:\\\/\\\/cancerequality.eu\\\/lv\\\/#organization\",\"name\":\"Cancer Equality\",\"url\":\"https:\\\/\\\/cancerequality.eu\\\/lv\\\/\",\"logo\":{\"@type\":\"ImageObject\",\"inLanguage\":\"lv-LV\",\"@id\":\"https:\\\/\\\/cancerequality.eu\\\/lv\\\/#\\\/schema\\\/logo\\\/image\\\/\",\"url\":\"https:\\\/\\\/cancerequality.eu\\\/wp-content\\\/uploads\\\/2022\\\/01\\\/onko_fb.jpg\",\"contentUrl\":\"https:\\\/\\\/cancerequality.eu\\\/wp-content\\\/uploads\\\/2022\\\/01\\\/onko_fb.jpg\",\"width\":1200,\"height\":630,\"caption\":\"Cancer Equality\"},\"image\":{\"@id\":\"https:\\\/\\\/cancerequality.eu\\\/lv\\\/#\\\/schema\\\/logo\\\/image\\\/\"}}]}<\/script>\n<!-- \/ Yoast SEO plugin. -->","yoast_head_json":{"title":"Dal\u012bbnieku organiz\u0101cijas - Cancer Equality","robots":{"index":"index","follow":"follow","max-snippet":"max-snippet:-1","max-image-preview":"max-image-preview:large","max-video-preview":"max-video-preview:-1"},"canonical":"https:\/\/cancerequality.eu\/lv\/participant-organizations-2025\/","og_locale":"lv_LV","og_type":"article","og_title":"Dal\u012bbnieku organiz\u0101cijas - Cancer Equality","og_url":"https:\/\/cancerequality.eu\/lv\/participant-organizations-2025\/","og_site_name":"Cancer Equality","article_modified_time":"2025-03-31T13:23:40+00:00","og_image":[{"width":1200,"height":630,"url":"https:\/\/cancerequality.eu\/wp-content\/uploads\/2022\/01\/onko_fb.jpg","type":"image\/jpeg"}],"twitter_card":"summary_large_image","schema":{"@context":"https:\/\/schema.org","@graph":[{"@type":"WebPage","@id":"https:\/\/cancerequality.eu\/lv\/participant-organizations-2025\/","url":"https:\/\/cancerequality.eu\/lv\/participant-organizations-2025\/","name":"Dal\u012bbnieku organiz\u0101cijas - Cancer Equality","isPartOf":{"@id":"https:\/\/cancerequality.eu\/lv\/#website"},"datePublished":"2025-03-19T21:04:44+00:00","dateModified":"2025-03-31T13:23:40+00:00","breadcrumb":{"@id":"https:\/\/cancerequality.eu\/lv\/participant-organizations-2025\/#breadcrumb"},"inLanguage":"lv-LV","potentialAction":[{"@type":"ReadAction","target":[["https:\/\/cancerequality.eu\/lv\/participant-organizations-2025\/"]]}]},{"@type":"BreadcrumbList","@id":"https:\/\/cancerequality.eu\/lv\/participant-organizations-2025\/#breadcrumb","itemListElement":[{"@type":"ListItem","position":1,"name":"Home","item":"https:\/\/cancerequality.eu\/lv\/"},{"@type":"ListItem","position":2,"name":"Participant organizations"}]},{"@type":"WebSite","@id":"https:\/\/cancerequality.eu\/lv\/#website","url":"https:\/\/cancerequality.eu\/lv\/","name":"Cancer Equality","description":"On Equality in Beating Cancer","publisher":{"@id":"https:\/\/cancerequality.eu\/lv\/#organization"},"potentialAction":[{"@type":"SearchAction","target":{"@type":"EntryPoint","urlTemplate":"https:\/\/cancerequality.eu\/lv\/?s={search_term_string}"},"query-input":{"@type":"PropertyValueSpecification","valueRequired":true,"valueName":"search_term_string"}}],"inLanguage":"lv-LV"},{"@type":"Organization","@id":"https:\/\/cancerequality.eu\/lv\/#organization","name":"Cancer Equality","url":"https:\/\/cancerequality.eu\/lv\/","logo":{"@type":"ImageObject","inLanguage":"lv-LV","@id":"https:\/\/cancerequality.eu\/lv\/#\/schema\/logo\/image\/","url":"https:\/\/cancerequality.eu\/wp-content\/uploads\/2022\/01\/onko_fb.jpg","contentUrl":"https:\/\/cancerequality.eu\/wp-content\/uploads\/2022\/01\/onko_fb.jpg","width":1200,"height":630,"caption":"Cancer Equality"},"image":{"@id":"https:\/\/cancerequality.eu\/lv\/#\/schema\/logo\/image\/"}}]}},"_links":{"self":[{"href":"https:\/\/cancerequality.eu\/lv\/wp-json\/wp\/v2\/pages\/699","targetHints":{"allow":["GET"]}}],"collection":[{"href":"https:\/\/cancerequality.eu\/lv\/wp-json\/wp\/v2\/pages"}],"about":[{"href":"https:\/\/cancerequality.eu\/lv\/wp-json\/wp\/v2\/types\/page"}],"author":[{"embeddable":true,"href":"https:\/\/cancerequality.eu\/lv\/wp-json\/wp\/v2\/users\/1"}],"replies":[{"embeddable":true,"href":"https:\/\/cancerequality.eu\/lv\/wp-json\/wp\/v2\/comments?post=699"}],"version-history":[{"count":11,"href":"https:\/\/cancerequality.eu\/lv\/wp-json\/wp\/v2\/pages\/699\/revisions"}],"predecessor-version":[{"id":759,"href":"https:\/\/cancerequality.eu\/lv\/wp-json\/wp\/v2\/pages\/699\/revisions\/759"}],"wp:attachment":[{"href":"https:\/\/cancerequality.eu\/lv\/wp-json\/wp\/v2\/media?parent=699"}],"curies":[{"name":"wp","href":"https:\/\/api.w.org\/{rel}","templated":true}]}}