{"id":678,"date":"2025-03-17T18:19:07","date_gmt":"2025-03-17T18:19:07","guid":{"rendered":"https:\/\/cancerequality.eu\/?page_id=678"},"modified":"2025-03-19T11:31:09","modified_gmt":"2025-03-19T11:31:09","slug":"congress-objectives-2025","status":"publish","type":"page","link":"https:\/\/cancerequality.eu\/lv\/congress-objectives-2025\/","title":{"rendered":"Kongresa m\u0113r\u0137i"},"content":{"rendered":"<p>Kongresa galvenais m\u0113r\u0137is ir aktualiz\u0113t jaut\u0101jumu par past\u0101vo\u0161o nevienl\u012bdz\u012bbu v\u0113\u017ea \u0101rst\u0113\u0161an\u0101 Austrumeiropas un Centr\u0101leiropas valst\u012bs, k\u0101 ar\u012b apspriest to ar pacientu organiz\u0101cij\u0101m, vesel\u012bbas apr\u016bpes speci\u0101listiem, politi\u0137iem un Eiropas Parlamenta deput\u0101tiem.<\/p>\n<p>&nbsp;<\/p>\n<p><strong>Kongresa m\u0113r\u0137i:<\/strong><\/p>\n<ol>\n<li>Veicin\u0101t izpratni par iesp\u0113jamiem risin\u0101jumiem v\u0113\u017ea nevienl\u012bdz\u012bbas mazin\u0101\u0161an\u0101 ES un apspriest strat\u0113\u0123ijas, k\u0101 uzlabot vienl\u012bdz\u012bgu piek\u013cuvi \u0101rst\u0113\u0161anai un resursiem vis\u0101s ES dal\u012bbvalst\u012bs.<\/li>\n<li>Diskut\u0113t par r\u012bc\u012bbpolitikas iesp\u0113jamajiem virzieniem, lai nodro\u0161in\u0101tu vienl\u012bdz\u012bgu piek\u013cuvi modern\u0101m vesel\u012bbas apr\u016bpes tehnolo\u0123ij\u0101m un \u0101rst\u0113\u0161anai.<\/li>\n<li>Iepaz\u012bstin\u0101t ar inov\u0101cij\u0101m un lab\u0101s prakses piem\u0113riem v\u0113\u017ea p\u0113tniec\u012bb\u0101, \u0101rst\u0113\u0161anas tehnolo\u0123ij\u0101s un uz pacientu orient\u0113t\u0101s pieej\u0101s.<\/li>\n<\/ol>\n<p><\/p>","protected":false},"excerpt":{"rendered":"<p>Kongresa galvenais m\u0113r\u0137is ir aktualiz\u0113t jaut\u0101jumu par past\u0101vo\u0161o nevienl\u012bdz\u012bbu v\u0113\u017ea \u0101rst\u0113\u0161an\u0101 Austrumeiropas un Centr\u0101leiropas valst\u012bs, k\u0101 ar\u012b apspriest to ar pacientu organiz\u0101cij\u0101m, vesel\u012bbas apr\u016bpes speci\u0101listiem, politi\u0137iem un Eiropas Parlamenta deput\u0101tiem. &nbsp; Kongresa m\u0113r\u0137i: Veicin\u0101t izpratni par iesp\u0113jamiem risin\u0101jumiem v\u0113\u017ea nevienl\u012bdz\u012bbas mazin\u0101\u0161an\u0101 ES un apspriest strat\u0113\u0123ijas, k\u0101 uzlabot vienl\u012bdz\u012bgu piek\u013cuvi \u0101rst\u0113\u0161anai un resursiem vis\u0101s ES dal\u012bbvalst\u012bs. [&hellip;]<\/p>\n","protected":false},"author":1,"featured_media":0,"parent":0,"menu_order":0,"comment_status":"closed","ping_status":"closed","template":"","meta":{"inline_featured_image":false,"footnotes":""},"class_list":["post-678","page","type-page","status-publish","hentry"],"acf":[],"yoast_head":"<!-- This site is optimized with the Yoast SEO plugin v27.5 - https:\/\/yoast.com\/product\/yoast-seo-wordpress\/ -->\n<title>Kongresa m\u0113r\u0137i - Cancer Equality<\/title>\n<meta name=\"robots\" content=\"index, follow, max-snippet:-1, max-image-preview:large, max-video-preview:-1\" \/>\n<link rel=\"canonical\" href=\"https:\/\/cancerequality.eu\/lv\/congress-objectives-2025\/\" \/>\n<meta property=\"og:locale\" content=\"lv_LV\" \/>\n<meta property=\"og:type\" content=\"article\" \/>\n<meta property=\"og:title\" content=\"Kongresa m\u0113r\u0137i - Cancer Equality\" \/>\n<meta property=\"og:description\" content=\"Kongresa galvenais m\u0113r\u0137is ir aktualiz\u0113t jaut\u0101jumu par past\u0101vo\u0161o nevienl\u012bdz\u012bbu v\u0113\u017ea \u0101rst\u0113\u0161an\u0101 Austrumeiropas un Centr\u0101leiropas valst\u012bs, k\u0101 ar\u012b apspriest to ar pacientu organiz\u0101cij\u0101m, vesel\u012bbas apr\u016bpes speci\u0101listiem, politi\u0137iem un Eiropas Parlamenta deput\u0101tiem. &nbsp; Kongresa m\u0113r\u0137i: Veicin\u0101t izpratni par iesp\u0113jamiem risin\u0101jumiem v\u0113\u017ea nevienl\u012bdz\u012bbas mazin\u0101\u0161an\u0101 ES un apspriest strat\u0113\u0123ijas, k\u0101 uzlabot vienl\u012bdz\u012bgu piek\u013cuvi \u0101rst\u0113\u0161anai un resursiem vis\u0101s ES dal\u012bbvalst\u012bs. [&hellip;]\" \/>\n<meta property=\"og:url\" content=\"https:\/\/cancerequality.eu\/lv\/congress-objectives-2025\/\" \/>\n<meta property=\"og:site_name\" content=\"Cancer Equality\" \/>\n<meta property=\"article:modified_time\" content=\"2025-03-19T11:31:09+00:00\" \/>\n<meta property=\"og:image\" content=\"https:\/\/cancerequality.eu\/wp-content\/uploads\/2022\/01\/onko_fb.jpg\" \/>\n\t<meta property=\"og:image:width\" content=\"1200\" \/>\n\t<meta property=\"og:image:height\" content=\"630\" \/>\n\t<meta property=\"og:image:type\" content=\"image\/jpeg\" \/>\n<meta name=\"twitter:card\" content=\"summary_large_image\" \/>\n<meta name=\"twitter:label1\" content=\"Est. reading time\" \/>\n\t<meta name=\"twitter:data1\" content=\"1 minute\" \/>\n<script type=\"application\/ld+json\" class=\"yoast-schema-graph\">{\"@context\":\"https:\\\/\\\/schema.org\",\"@graph\":[{\"@type\":\"WebPage\",\"@id\":\"https:\\\/\\\/cancerequality.eu\\\/lv\\\/congress-objectives-2025\\\/\",\"url\":\"https:\\\/\\\/cancerequality.eu\\\/lv\\\/congress-objectives-2025\\\/\",\"name\":\"Kongresa m\u0113r\u0137i - Cancer Equality\",\"isPartOf\":{\"@id\":\"https:\\\/\\\/cancerequality.eu\\\/lv\\\/#website\"},\"datePublished\":\"2025-03-17T18:19:07+00:00\",\"dateModified\":\"2025-03-19T11:31:09+00:00\",\"breadcrumb\":{\"@id\":\"https:\\\/\\\/cancerequality.eu\\\/lv\\\/congress-objectives-2025\\\/#breadcrumb\"},\"inLanguage\":\"lv-LV\",\"potentialAction\":[{\"@type\":\"ReadAction\",\"target\":[[\"https:\\\/\\\/cancerequality.eu\\\/lv\\\/congress-objectives-2025\\\/\"]]}]},{\"@type\":\"BreadcrumbList\",\"@id\":\"https:\\\/\\\/cancerequality.eu\\\/lv\\\/congress-objectives-2025\\\/#breadcrumb\",\"itemListElement\":[{\"@type\":\"ListItem\",\"position\":1,\"name\":\"Home\",\"item\":\"https:\\\/\\\/cancerequality.eu\\\/lv\\\/\"},{\"@type\":\"ListItem\",\"position\":2,\"name\":\"Congress Objectives\"}]},{\"@type\":\"WebSite\",\"@id\":\"https:\\\/\\\/cancerequality.eu\\\/lv\\\/#website\",\"url\":\"https:\\\/\\\/cancerequality.eu\\\/lv\\\/\",\"name\":\"Cancer Equality\",\"description\":\"On Equality in Beating Cancer\",\"publisher\":{\"@id\":\"https:\\\/\\\/cancerequality.eu\\\/lv\\\/#organization\"},\"potentialAction\":[{\"@type\":\"SearchAction\",\"target\":{\"@type\":\"EntryPoint\",\"urlTemplate\":\"https:\\\/\\\/cancerequality.eu\\\/lv\\\/?s={search_term_string}\"},\"query-input\":{\"@type\":\"PropertyValueSpecification\",\"valueRequired\":true,\"valueName\":\"search_term_string\"}}],\"inLanguage\":\"lv-LV\"},{\"@type\":\"Organization\",\"@id\":\"https:\\\/\\\/cancerequality.eu\\\/lv\\\/#organization\",\"name\":\"Cancer Equality\",\"url\":\"https:\\\/\\\/cancerequality.eu\\\/lv\\\/\",\"logo\":{\"@type\":\"ImageObject\",\"inLanguage\":\"lv-LV\",\"@id\":\"https:\\\/\\\/cancerequality.eu\\\/lv\\\/#\\\/schema\\\/logo\\\/image\\\/\",\"url\":\"https:\\\/\\\/cancerequality.eu\\\/wp-content\\\/uploads\\\/2022\\\/01\\\/onko_fb.jpg\",\"contentUrl\":\"https:\\\/\\\/cancerequality.eu\\\/wp-content\\\/uploads\\\/2022\\\/01\\\/onko_fb.jpg\",\"width\":1200,\"height\":630,\"caption\":\"Cancer Equality\"},\"image\":{\"@id\":\"https:\\\/\\\/cancerequality.eu\\\/lv\\\/#\\\/schema\\\/logo\\\/image\\\/\"}}]}<\/script>\n<!-- \/ Yoast SEO plugin. -->","yoast_head_json":{"title":"Kongresa m\u0113r\u0137i - Cancer Equality","robots":{"index":"index","follow":"follow","max-snippet":"max-snippet:-1","max-image-preview":"max-image-preview:large","max-video-preview":"max-video-preview:-1"},"canonical":"https:\/\/cancerequality.eu\/lv\/congress-objectives-2025\/","og_locale":"lv_LV","og_type":"article","og_title":"Kongresa m\u0113r\u0137i - Cancer Equality","og_description":"Kongresa galvenais m\u0113r\u0137is ir aktualiz\u0113t jaut\u0101jumu par past\u0101vo\u0161o nevienl\u012bdz\u012bbu v\u0113\u017ea \u0101rst\u0113\u0161an\u0101 Austrumeiropas un Centr\u0101leiropas valst\u012bs, k\u0101 ar\u012b apspriest to ar pacientu organiz\u0101cij\u0101m, vesel\u012bbas apr\u016bpes speci\u0101listiem, politi\u0137iem un Eiropas Parlamenta deput\u0101tiem. &nbsp; Kongresa m\u0113r\u0137i: Veicin\u0101t izpratni par iesp\u0113jamiem risin\u0101jumiem v\u0113\u017ea nevienl\u012bdz\u012bbas mazin\u0101\u0161an\u0101 ES un apspriest strat\u0113\u0123ijas, k\u0101 uzlabot vienl\u012bdz\u012bgu piek\u013cuvi \u0101rst\u0113\u0161anai un resursiem vis\u0101s ES dal\u012bbvalst\u012bs. [&hellip;]","og_url":"https:\/\/cancerequality.eu\/lv\/congress-objectives-2025\/","og_site_name":"Cancer Equality","article_modified_time":"2025-03-19T11:31:09+00:00","og_image":[{"width":1200,"height":630,"url":"https:\/\/cancerequality.eu\/wp-content\/uploads\/2022\/01\/onko_fb.jpg","type":"image\/jpeg"}],"twitter_card":"summary_large_image","twitter_misc":{"Est. reading time":"1 minute"},"schema":{"@context":"https:\/\/schema.org","@graph":[{"@type":"WebPage","@id":"https:\/\/cancerequality.eu\/lv\/congress-objectives-2025\/","url":"https:\/\/cancerequality.eu\/lv\/congress-objectives-2025\/","name":"Kongresa m\u0113r\u0137i - Cancer Equality","isPartOf":{"@id":"https:\/\/cancerequality.eu\/lv\/#website"},"datePublished":"2025-03-17T18:19:07+00:00","dateModified":"2025-03-19T11:31:09+00:00","breadcrumb":{"@id":"https:\/\/cancerequality.eu\/lv\/congress-objectives-2025\/#breadcrumb"},"inLanguage":"lv-LV","potentialAction":[{"@type":"ReadAction","target":[["https:\/\/cancerequality.eu\/lv\/congress-objectives-2025\/"]]}]},{"@type":"BreadcrumbList","@id":"https:\/\/cancerequality.eu\/lv\/congress-objectives-2025\/#breadcrumb","itemListElement":[{"@type":"ListItem","position":1,"name":"Home","item":"https:\/\/cancerequality.eu\/lv\/"},{"@type":"ListItem","position":2,"name":"Congress Objectives"}]},{"@type":"WebSite","@id":"https:\/\/cancerequality.eu\/lv\/#website","url":"https:\/\/cancerequality.eu\/lv\/","name":"Cancer Equality","description":"On Equality in Beating Cancer","publisher":{"@id":"https:\/\/cancerequality.eu\/lv\/#organization"},"potentialAction":[{"@type":"SearchAction","target":{"@type":"EntryPoint","urlTemplate":"https:\/\/cancerequality.eu\/lv\/?s={search_term_string}"},"query-input":{"@type":"PropertyValueSpecification","valueRequired":true,"valueName":"search_term_string"}}],"inLanguage":"lv-LV"},{"@type":"Organization","@id":"https:\/\/cancerequality.eu\/lv\/#organization","name":"Cancer Equality","url":"https:\/\/cancerequality.eu\/lv\/","logo":{"@type":"ImageObject","inLanguage":"lv-LV","@id":"https:\/\/cancerequality.eu\/lv\/#\/schema\/logo\/image\/","url":"https:\/\/cancerequality.eu\/wp-content\/uploads\/2022\/01\/onko_fb.jpg","contentUrl":"https:\/\/cancerequality.eu\/wp-content\/uploads\/2022\/01\/onko_fb.jpg","width":1200,"height":630,"caption":"Cancer Equality"},"image":{"@id":"https:\/\/cancerequality.eu\/lv\/#\/schema\/logo\/image\/"}}]}},"_links":{"self":[{"href":"https:\/\/cancerequality.eu\/lv\/wp-json\/wp\/v2\/pages\/678","targetHints":{"allow":["GET"]}}],"collection":[{"href":"https:\/\/cancerequality.eu\/lv\/wp-json\/wp\/v2\/pages"}],"about":[{"href":"https:\/\/cancerequality.eu\/lv\/wp-json\/wp\/v2\/types\/page"}],"author":[{"embeddable":true,"href":"https:\/\/cancerequality.eu\/lv\/wp-json\/wp\/v2\/users\/1"}],"replies":[{"embeddable":true,"href":"https:\/\/cancerequality.eu\/lv\/wp-json\/wp\/v2\/comments?post=678"}],"version-history":[{"count":3,"href":"https:\/\/cancerequality.eu\/lv\/wp-json\/wp\/v2\/pages\/678\/revisions"}],"predecessor-version":[{"id":684,"href":"https:\/\/cancerequality.eu\/lv\/wp-json\/wp\/v2\/pages\/678\/revisions\/684"}],"wp:attachment":[{"href":"https:\/\/cancerequality.eu\/lv\/wp-json\/wp\/v2\/media?parent=678"}],"curies":[{"name":"wp","href":"https:\/\/api.w.org\/{rel}","templated":true}]}}