{"id":676,"date":"2025-03-17T18:18:16","date_gmt":"2025-03-17T18:18:16","guid":{"rendered":"https:\/\/cancerequality.eu\/?page_id=676"},"modified":"2025-04-01T06:51:45","modified_gmt":"2025-04-01T06:51:45","slug":"organizers-2025","status":"publish","type":"page","link":"https:\/\/cancerequality.eu\/lv\/organizers-2025\/","title":{"rendered":"Organizatori"},"content":{"rendered":"","protected":false},"excerpt":{"rendered":"","protected":false},"author":1,"featured_media":0,"parent":0,"menu_order":0,"comment_status":"closed","ping_status":"closed","template":"organizers.php","meta":{"inline_featured_image":false,"footnotes":""},"class_list":["post-676","page","type-page","status-publish","hentry"],"acf":{"title_1":"Kongresa organizatori","content_1":"<h2>Latvijas Onkolo\u0123ijas pacientu organiz\u0101ciju apvien\u012bba &#8220;Onkoalianse&#8221;.<\/h2>\n<p>&nbsp;<\/p>\n<p><strong>ORGKOMITEJA<\/strong><\/p>\n<p><strong>Olga Valci\u0146a,<\/strong> Latvijas onkolo\u0123ijas pacientu organiz\u0101ciju apvien\u012bbas \u201cOnkoalianses\u201d valdes locekle<\/p>\n<p><strong>Edgars \u0100boli\u0146\u0161<\/strong>, Latvijas onkolo\u0123ijas pacientu organiz\u0101ciju apvien\u012bbas \u201cOnkoalianse\u201d valdes loceklis<\/p>\n<p><strong>Ivars Ijabs<\/strong>, Eiropas Parlamenta \u012apa\u0161\u0101s komitejas attiec\u012bb\u0101 uz v\u0113\u017ea uzveik\u0161anu vad\u012bt\u0101ja vietnieks<\/p>\n<p><strong>Andris B\u0113rzi\u0146\u0161<\/strong>, Saeimas Soci\u0101lo un darba lietu komisijas priek\u0161s\u0113d\u0113t\u0101js<\/p>\n<p><strong>Vita Savicka<\/strong>, \u201cReviti\u201d valdes priek\u0161s\u0113d\u0113t\u0101ja<\/p>\n","title_2":"","content_2":"<p>Latvijas Republikas Saeima<\/p>\n","logos":[{"title":"InoMed, Rum\u0101nija","logo":"https:\/\/cancerequality.eu\/wp-content\/uploads\/2021\/12\/Inomed_Romania.png"},{"title":"","logo":"https:\/\/cancerequality.eu\/wp-content\/uploads\/2025\/04\/Onkoalianse_logo.jpg"}]},"yoast_head":"<!-- This site is optimized with the Yoast SEO plugin v27.5 - https:\/\/yoast.com\/product\/yoast-seo-wordpress\/ -->\n<title>Organizatori - Cancer Equality<\/title>\n<meta name=\"robots\" content=\"index, follow, max-snippet:-1, max-image-preview:large, max-video-preview:-1\" \/>\n<link rel=\"canonical\" href=\"https:\/\/cancerequality.eu\/lv\/organizers-2025\/\" \/>\n<meta property=\"og:locale\" content=\"lv_LV\" \/>\n<meta property=\"og:type\" content=\"article\" \/>\n<meta property=\"og:title\" content=\"Organizatori - Cancer Equality\" \/>\n<meta property=\"og:url\" content=\"https:\/\/cancerequality.eu\/lv\/organizers-2025\/\" \/>\n<meta property=\"og:site_name\" content=\"Cancer Equality\" \/>\n<meta property=\"article:modified_time\" content=\"2025-04-01T06:51:45+00:00\" \/>\n<meta property=\"og:image\" content=\"https:\/\/cancerequality.eu\/wp-content\/uploads\/2022\/01\/onko_fb.jpg\" \/>\n\t<meta property=\"og:image:width\" content=\"1200\" \/>\n\t<meta property=\"og:image:height\" content=\"630\" \/>\n\t<meta property=\"og:image:type\" content=\"image\/jpeg\" \/>\n<meta name=\"twitter:card\" content=\"summary_large_image\" \/>\n<script type=\"application\/ld+json\" class=\"yoast-schema-graph\">{\"@context\":\"https:\\\/\\\/schema.org\",\"@graph\":[{\"@type\":\"WebPage\",\"@id\":\"https:\\\/\\\/cancerequality.eu\\\/lv\\\/organizers-2025\\\/\",\"url\":\"https:\\\/\\\/cancerequality.eu\\\/lv\\\/organizers-2025\\\/\",\"name\":\"Organizatori - Cancer Equality\",\"isPartOf\":{\"@id\":\"https:\\\/\\\/cancerequality.eu\\\/lv\\\/#website\"},\"datePublished\":\"2025-03-17T18:18:16+00:00\",\"dateModified\":\"2025-04-01T06:51:45+00:00\",\"breadcrumb\":{\"@id\":\"https:\\\/\\\/cancerequality.eu\\\/lv\\\/organizers-2025\\\/#breadcrumb\"},\"inLanguage\":\"lv-LV\",\"potentialAction\":[{\"@type\":\"ReadAction\",\"target\":[[\"https:\\\/\\\/cancerequality.eu\\\/lv\\\/organizers-2025\\\/\"]]}]},{\"@type\":\"BreadcrumbList\",\"@id\":\"https:\\\/\\\/cancerequality.eu\\\/lv\\\/organizers-2025\\\/#breadcrumb\",\"itemListElement\":[{\"@type\":\"ListItem\",\"position\":1,\"name\":\"Home\",\"item\":\"https:\\\/\\\/cancerequality.eu\\\/lv\\\/\"},{\"@type\":\"ListItem\",\"position\":2,\"name\":\"Organizers\"}]},{\"@type\":\"WebSite\",\"@id\":\"https:\\\/\\\/cancerequality.eu\\\/lv\\\/#website\",\"url\":\"https:\\\/\\\/cancerequality.eu\\\/lv\\\/\",\"name\":\"Cancer Equality\",\"description\":\"On Equality in Beating Cancer\",\"publisher\":{\"@id\":\"https:\\\/\\\/cancerequality.eu\\\/lv\\\/#organization\"},\"potentialAction\":[{\"@type\":\"SearchAction\",\"target\":{\"@type\":\"EntryPoint\",\"urlTemplate\":\"https:\\\/\\\/cancerequality.eu\\\/lv\\\/?s={search_term_string}\"},\"query-input\":{\"@type\":\"PropertyValueSpecification\",\"valueRequired\":true,\"valueName\":\"search_term_string\"}}],\"inLanguage\":\"lv-LV\"},{\"@type\":\"Organization\",\"@id\":\"https:\\\/\\\/cancerequality.eu\\\/lv\\\/#organization\",\"name\":\"Cancer Equality\",\"url\":\"https:\\\/\\\/cancerequality.eu\\\/lv\\\/\",\"logo\":{\"@type\":\"ImageObject\",\"inLanguage\":\"lv-LV\",\"@id\":\"https:\\\/\\\/cancerequality.eu\\\/lv\\\/#\\\/schema\\\/logo\\\/image\\\/\",\"url\":\"https:\\\/\\\/cancerequality.eu\\\/wp-content\\\/uploads\\\/2022\\\/01\\\/onko_fb.jpg\",\"contentUrl\":\"https:\\\/\\\/cancerequality.eu\\\/wp-content\\\/uploads\\\/2022\\\/01\\\/onko_fb.jpg\",\"width\":1200,\"height\":630,\"caption\":\"Cancer Equality\"},\"image\":{\"@id\":\"https:\\\/\\\/cancerequality.eu\\\/lv\\\/#\\\/schema\\\/logo\\\/image\\\/\"}}]}<\/script>\n<!-- \/ Yoast SEO plugin. -->","yoast_head_json":{"title":"Organizatori - Cancer Equality","robots":{"index":"index","follow":"follow","max-snippet":"max-snippet:-1","max-image-preview":"max-image-preview:large","max-video-preview":"max-video-preview:-1"},"canonical":"https:\/\/cancerequality.eu\/lv\/organizers-2025\/","og_locale":"lv_LV","og_type":"article","og_title":"Organizatori - Cancer Equality","og_url":"https:\/\/cancerequality.eu\/lv\/organizers-2025\/","og_site_name":"Cancer Equality","article_modified_time":"2025-04-01T06:51:45+00:00","og_image":[{"width":1200,"height":630,"url":"https:\/\/cancerequality.eu\/wp-content\/uploads\/2022\/01\/onko_fb.jpg","type":"image\/jpeg"}],"twitter_card":"summary_large_image","schema":{"@context":"https:\/\/schema.org","@graph":[{"@type":"WebPage","@id":"https:\/\/cancerequality.eu\/lv\/organizers-2025\/","url":"https:\/\/cancerequality.eu\/lv\/organizers-2025\/","name":"Organizatori - Cancer Equality","isPartOf":{"@id":"https:\/\/cancerequality.eu\/lv\/#website"},"datePublished":"2025-03-17T18:18:16+00:00","dateModified":"2025-04-01T06:51:45+00:00","breadcrumb":{"@id":"https:\/\/cancerequality.eu\/lv\/organizers-2025\/#breadcrumb"},"inLanguage":"lv-LV","potentialAction":[{"@type":"ReadAction","target":[["https:\/\/cancerequality.eu\/lv\/organizers-2025\/"]]}]},{"@type":"BreadcrumbList","@id":"https:\/\/cancerequality.eu\/lv\/organizers-2025\/#breadcrumb","itemListElement":[{"@type":"ListItem","position":1,"name":"Home","item":"https:\/\/cancerequality.eu\/lv\/"},{"@type":"ListItem","position":2,"name":"Organizers"}]},{"@type":"WebSite","@id":"https:\/\/cancerequality.eu\/lv\/#website","url":"https:\/\/cancerequality.eu\/lv\/","name":"Cancer Equality","description":"On Equality in Beating Cancer","publisher":{"@id":"https:\/\/cancerequality.eu\/lv\/#organization"},"potentialAction":[{"@type":"SearchAction","target":{"@type":"EntryPoint","urlTemplate":"https:\/\/cancerequality.eu\/lv\/?s={search_term_string}"},"query-input":{"@type":"PropertyValueSpecification","valueRequired":true,"valueName":"search_term_string"}}],"inLanguage":"lv-LV"},{"@type":"Organization","@id":"https:\/\/cancerequality.eu\/lv\/#organization","name":"Cancer Equality","url":"https:\/\/cancerequality.eu\/lv\/","logo":{"@type":"ImageObject","inLanguage":"lv-LV","@id":"https:\/\/cancerequality.eu\/lv\/#\/schema\/logo\/image\/","url":"https:\/\/cancerequality.eu\/wp-content\/uploads\/2022\/01\/onko_fb.jpg","contentUrl":"https:\/\/cancerequality.eu\/wp-content\/uploads\/2022\/01\/onko_fb.jpg","width":1200,"height":630,"caption":"Cancer Equality"},"image":{"@id":"https:\/\/cancerequality.eu\/lv\/#\/schema\/logo\/image\/"}}]}},"_links":{"self":[{"href":"https:\/\/cancerequality.eu\/lv\/wp-json\/wp\/v2\/pages\/676","targetHints":{"allow":["GET"]}}],"collection":[{"href":"https:\/\/cancerequality.eu\/lv\/wp-json\/wp\/v2\/pages"}],"about":[{"href":"https:\/\/cancerequality.eu\/lv\/wp-json\/wp\/v2\/types\/page"}],"author":[{"embeddable":true,"href":"https:\/\/cancerequality.eu\/lv\/wp-json\/wp\/v2\/users\/1"}],"replies":[{"embeddable":true,"href":"https:\/\/cancerequality.eu\/lv\/wp-json\/wp\/v2\/comments?post=676"}],"version-history":[{"count":9,"href":"https:\/\/cancerequality.eu\/lv\/wp-json\/wp\/v2\/pages\/676\/revisions"}],"predecessor-version":[{"id":790,"href":"https:\/\/cancerequality.eu\/lv\/wp-json\/wp\/v2\/pages\/676\/revisions\/790"}],"wp:attachment":[{"href":"https:\/\/cancerequality.eu\/lv\/wp-json\/wp\/v2\/media?parent=676"}],"curies":[{"name":"wp","href":"https:\/\/api.w.org\/{rel}","templated":true}]}}