{"id":672,"date":"2025-03-16T19:09:26","date_gmt":"2025-03-16T19:09:26","guid":{"rendered":"https:\/\/cancerequality.eu\/?page_id=672"},"modified":"2025-05-16T13:42:22","modified_gmt":"2025-05-16T13:42:22","slug":"programme-2025","status":"publish","type":"page","link":"https:\/\/cancerequality.eu\/lv\/programme-2025\/","title":{"rendered":"Programma"},"content":{"rendered":"","protected":false},"excerpt":{"rendered":"","protected":false},"author":1,"featured_media":0,"parent":0,"menu_order":0,"comment_status":"closed","ping_status":"closed","template":"programme.php","meta":{"inline_featured_image":false,"footnotes":""},"class_list":["post-672","page","type-page","status-publish","hentry"],"acf":{"day":[{"day_name":"1.diena","date":"20.05.2025","session":[{"session_title":"KONGRESA ATKL\u0100\u0160ANA","events":[{"start_time":"09.00","end_time":"09.30","description":"<p>Re\u0123istr\u0101cija<\/p>\n"},{"start_time":"09.30","end_time":"10.00","description":"<p><strong>ATKL\u0100\u0160ANAS UZRUNAS<\/strong><\/p>\n<p><strong>&#8211; Zanda Kalni\u0146a-Luka\u0161evica<\/strong>, Saeimas priek\u0161s\u0113d\u0113t\u0101jas biedre<\/p>\n<p>&#8211; <strong>Edgars Rink\u0113vi\u010ds,<\/strong> LR Valsts prezidents, atkl\u0101\u0161anas runas nolas\u012b\u0161ana<\/p>\n<p><strong>&#8211; Oliv\u0113rs V\u0101rheji <\/strong>(<em>Oliv\u00e9r V\u00e1rhelyi<\/em>), Eiropas Savien\u012bbas vesel\u012bbas un dz\u012bvnieku labtur\u012bbas komis\u0101rs (videouzruna)<\/p>\n<p><strong>&#8211; Dace K\u013cavi\u0146a, <\/strong>LR Vesel\u012bbas ministrijas parlament\u0101r\u0101 sekret\u0101re<\/p>\n<p><strong>&#8211; Olga Valci\u0146a<\/strong>, Latvijas Onkolo\u0123isko pacientu organiz\u0101cijas \u201cOnkoalianse\u201d dibin\u0101t\u0101ja<\/p>\n<p><strong>Kongresa moderatore: Inese Supe,<\/strong> v\u0113\u017ea paciente un \u017eurn\u0101liste, Latvijas Onkolo\u0123isko pacientu organiz\u0101cija \u201cOnkoalianse\u201d<\/p>\n"}]},{"session_title":"1. SESIJA: POLITISKIE RISIN\u0100JUMI VIENL\u012aDZ\u012aBAI V\u0112\u017dA \u0100RST\u0112\u0160AN\u0100","events":[{"start_time":"10.00","end_time":"11.00","description":"<p><strong>IEVADPREZENT\u0100CIJAS<\/strong><\/p>\n<p><strong>MAZINOT PLAISU V\u0112\u017dA APR\u016aP\u0112. EIROPAS V\u0112\u017dA ORGANIZ\u0100CIJAS LOMA V\u0112\u017dA APR\u016aPES VIENL\u012aDZ\u012aBAS VEICIN\u0100\u0160AN\u0100 EIROP\u0100<\/strong><br \/>\n<strong>&#8211; Nikolo Mateo Luka Batisti<\/strong> (<em>Nicol\u00f2 Matteo Luca Battisti<\/em>), Eiropas V\u0113\u017ea organiz\u0101cijas Nevienl\u012bdz\u012bbas tematisk\u0101 t\u012bkla l\u012bdzpriek\u0161s\u0113d\u0113t\u0101js (att\u0101lin\u0101ti)<\/p>\n<p><strong>EIROPAS V\u0112\u017dA UZVEIK\u0160ANAS PL\u0100NS ES VALSTU POLITISKAJ\u0100 DIENASK\u0100RT\u012aB\u0100<\/strong><br \/>\n<strong>&#8211; Ivars \u012ajabs,<\/strong> Latvijas deput\u0101ts Eiropas Parlament\u0101, Eiropas Parlamenta \u012apa\u0161\u0101s komitejas v\u0113\u017ea uzveik\u0161anai (BECA) vad\u012bt\u0101ja vietnieks<\/p>\n<p><strong>VESEL\u012aBAS APR\u016aPES SIST\u0112MAS STRUKT\u016aRAS IETEKME UZ V\u0112\u017dA NEVIENL\u012aDZ\u012aBU<\/strong><br \/>\n<strong>&#8211; D\u012bpa Rad\u017eana <\/strong>(<em>Dheepa Rajan<\/em>), Vec\u0101k\u0101 padomniece vesel\u012bbas sist\u0113mu jaut\u0101jumos, Pasaules Vesel\u012bbas organiz\u0101cijas Eiropas Vesel\u012bbas politikas centrs<\/p>\n<p><strong>VESEL\u012aBAS TEHNOLO\u0122IJU SOCI\u0100L\u0100 IETEKME, MAZINOT NEVIENL\u012aDZ\u012aBU V\u0112\u017dA APR\u016aPES JOM\u0100<\/strong><br \/>\n<strong>&#8211; Karla Ernandesa-Viljafuerte <\/strong>(<em>Karla Hern\u00e1ndez-Villafuerte<\/em>), Vesel\u012bbas ekonomikas vec\u0101k\u0101 p\u0113tniece, WifOR Instit\u016bts, V\u0101cija<\/p>\n"},{"start_time":"11.00","end_time":"11.40","description":"<p><strong>DISKUSIJA: STRAT\u0112\u0122IJAS UN LAB\u0100S PRAKSES PIEM\u0112RI VIENL\u012aDZ\u012aBAS NODRO\u0160IN\u0100\u0160ANAI<\/strong><\/p>\n<p><strong>Diskusijas moderators: Ivars \u012ajabs,<\/strong> Latvijas deput\u0101ts Eiropas Parlament\u0101, Eiropas Parlamenta \u012apa\u0161\u0101s komitejas v\u0113\u017ea uzveik\u0161anai (BECA) vad\u012bt\u0101ja vietnieks<\/p>\n<p><strong>DAL\u012aBNIEKI:<\/strong><\/p>\n<p><strong>&#8211; L\u012bga Kozlovska,<\/strong> LR Saeimas Sabiedr\u012bbas vesel\u012bbas apak\u0161komisijas vad\u012bt\u0101ja<\/p>\n<p>&#8211; <strong>Aiga Balode<\/strong>, Vesel\u012bbas ministrijas valsts sekret\u0101ra vietniece digitaliz\u0101cijas un p\u0101rmai\u0146u vad\u012bbas jaut\u0101jumos, valsts sekret\u0101ra vietnieka vesel\u012bbas politikas jaut\u0101jumos p. i.<\/p>\n<p><strong>&#8211; Radu Ganesku<\/strong> (<em>Radu G\u0103nescu<\/em>), Rum\u0101nijas Nacion\u0101l\u0101s hronisko slim\u012bbu pacientu organiz\u0101ciju koal\u012bcijas (COPAC) prezidents<\/p>\n<p><strong>&#8211; Jaceks Macijevskis <\/strong>(<em>Jacek Maciejewski<\/em>), fonda \u201cRak\u2019n\u2019Roll\u201d valdes loceklis, Polija<\/p>\n"},{"start_time":"11.40","end_time":"11.50","description":"<p><strong>P\u0100RTRAUKUMS<\/strong><\/p>\n"}]},{"session_title":"2. SESIJA: INOV\u0100CIJAS UN P\u0112TNIEC\u012aBA V\u0112\u017dA \u0100RST\u0112\u0160AN\u0100","events":[{"start_time":"11.50","end_time":"12.20","description":"<p><strong>IEVADPREZENT\u0100CIJAS<\/strong><br \/>\n<strong>EIROPAS VADO\u0160IE P\u0112TNIEC\u012aBAS PROJEKTI V\u0112\u017dA \u0100RST\u0112\u0160ANAS JOM\u0100<\/strong><br \/>\n<strong>&#8211; Bogi Eliasens <\/strong>(<em>Bogi Eliasen<\/em>), partner\u012bbas iniciat\u012bvas \u201cMovement Health Foundation\u201d izpilddirektors<\/p>\n<p><strong>JAUN\u0100KIE BIOTEHNOLO\u0122ISKIE ATKL\u0100JUMI UN TO LOMA PERSONALIZ\u0112TAJ\u0100 \u0100RST\u0112\u0160AN\u0100 <\/strong><br \/>\n<strong>&#8211; Prof. M\u0101rcis Leja<\/strong>, Latvijas Universit\u0101tes Kl\u012bnisk\u0101s un profilaktisk\u0101s medic\u012bnas instit\u016bta direktors<\/p>\n"},{"start_time":"12.20","end_time":"13.00","description":"<p><strong>DISKUSIJA: <\/strong><strong>FARM\u0100CIJAS NOZARES UN AKAD\u0112MISK\u0100S VIDES SADARB\u012aBA INOV\u0100CIJU RAD\u012a\u0160AN\u0100<\/strong><\/p>\n<p><strong>Diskusijas moderatore: Olga Valci\u0146a<\/strong>, Latvijas Onkolo\u0123isko pacientu organiz\u0101cijas \u201cOnkoalianse\u201d dibin\u0101t\u0101ja<\/p>\n<p><strong>DAL\u012aBNIEKI:<\/strong><\/p>\n<p>&#8211; <strong>Vladislava Mar\u0101ne,<\/strong> Starptautisko inovat\u012bvo farmaceitisko firmu asoci\u0101cijas direktore<\/p>\n<p>&#8211; <strong>Haralds Plaudis<\/strong>, R\u012bgas Stradi\u0146a universit\u0101tes profesors, R\u012bgas Austrumu kl\u012bnisk\u0101s universit\u0101tes slimn\u012bcas valdes loceklis<\/p>\n<p>&#8211; <strong>Alinta Hegmane<\/strong>, Latvijas Universit\u0101tes Medic\u012bnas fakult\u0101tes asoc. profesore, Latvijas Onkologu asoci\u0101cijas valdes priek\u0161s\u0113d\u0113t\u0101ja, V\u0113\u017ea centra direktore<\/p>\n<p>&#8211; <strong>Egils Vjaters,<\/strong> Latvijas Universit\u0101tes Medic\u012bnas fakult\u0101tes asoc. profesors, Latvijas Urologu asoci\u0101cijas valdes loceklis, Paula Stradi\u0146a kl\u012bnisk\u0101s universit\u0101tes slimn\u012bcas Urolo\u0123ijas centra vad\u012bt\u0101js<\/p>\n"},{"start_time":"13.00","end_time":"13.45","description":"<p><strong>PUSDIENU P\u0100RTRAUKUMS<\/strong><\/p>\n"}]},{"session_title":"3. SESIJA: V\u0112\u017dA \u0100RST\u0112\u0160ANAS IZMAKSAS \u2013 K\u0100 NODRO\u0160IN\u0100T SAPR\u0100T\u012aGAS CENAS PACIENTIEM?","events":[{"start_time":"13.45","end_time":"14.00","description":"<p><strong>IEVADPREZENT\u0100CIJA<\/strong><\/p>\n<p><strong>V\u0112RT\u012aB\u0100S BALST\u012aTA VESEL\u012aBAS APR\u016aPES PIEEJA VESEL\u012aBAS APR\u016aPES EFEKTIVIT\u0100TES PAAUGSTIN\u0100\u0160ANAI UN IZMAKSU SAMAZIN\u0100\u0160ANAI<\/strong><br \/>\n<strong>&#8211;\u00a0<\/strong><strong>Zofija D\u0101sa Gupta<\/strong> (<em>Zofia Das-Gupta<\/em>), Rezult\u0101tu p\u0113tniec\u012bbas vec\u0101k\u0101 direktore, Starptautiskais Vesel\u012bbas rezult\u0101tu m\u0113r\u012bjumu konsorcijs (ICHOM), Lielbrit\u0101nija (att\u0101lin\u0101ti)<\/p>\n"},{"start_time":"14.00","end_time":"14.40","description":"<p><strong>DISKUSIJA: V\u0112RT\u012aBAS BALST\u012aTAS PIEEJAS IEVIE\u0160ANAS IESP\u0112JAS<\/strong><\/p>\n<p><strong>Diskusijas moderatore: Olga Valci\u0146a<\/strong>, Latvijas Onkolo\u0123isko pacientu organiz\u0101cijas \u201cOnkoalianse\u201d dibin\u0101t\u0101ja<\/p>\n<p><strong>DAL\u012aBNIEKI:<\/strong><\/p>\n<p>&#8211; <strong>J\u016blija Voropajeva,<\/strong> Nacion\u0101l\u0101 vesel\u012bbas dienesta \u0100rstniec\u012bbas pakalpojumu departamenta Vesel\u012bbas apr\u016bpes pakalpojumu projektu vad\u012bt\u0101ja<\/p>\n<p>&#8211; <strong>Daiga Behmane,<\/strong> R\u012bgas Stradi\u0146a universit\u0101tes asoc. profesore, p\u0113tniece<\/p>\n<p>&#8211; <strong>Valts \u0100bols<\/strong>, B\u0113rnu kl\u012bnisk\u0101s universit\u0101tes slimn\u012bcas valdes priek\u0161s\u0113d\u0113t\u0101js<\/p>\n<p>&#8211;\u00a0<strong>Inesa Aufi<\/strong> <em>(In\u00e8s Aoufi), <\/em>Asoci\u0113t\u0101 konsultante, Eiropas iniciat\u012bva \u201cEnding Discrimination Against Cancer Survivors\u201d<\/p>\n"}]},{"session_title":"4. SESIJA: K\u0100 NODRO\u0160IN\u0100T INOV\u0100CIJU VIENL\u012aDZ\u012aGU PIEEJAM\u012aBU VISIEM PACIENTIEM","events":[{"start_time":"14.40","end_time":"14.55","description":"<p><strong>IEVADPREZENT\u0100CIJA<\/strong><\/p>\n<p><strong>PRAKTISKAS STRAT\u0112\u0122IJAS INOV\u0100CIJU IEVIE\u0160ANAI UN VIENL\u012aDZ\u012aGAS PIEK\u013bUVES NODRO\u0160IN\u0100\u0160ANAI JAUN\u0100M Z\u0100L\u0112M EIROP\u0100<\/strong><br \/>\n<strong>&#8211;\u00a0\u0100dams Sons<\/strong> (<em>Adam Sohn<\/em>), Pacientu iesaistes risin\u0101jumu vad\u012bt\u0101js, IQVIA, ASV<\/p>\n"},{"start_time":"14.55","end_time":"15.30","description":"<p><strong>DISKUSIJA: <\/strong><strong>TAISN\u012aGUMA PRINCIPA NODRO\u0160IN\u0100\u0160ANAS IESP\u0112JAS UN JAU ESO\u0160IE MEH\u0100NISMI<\/strong><\/p>\n<p><strong>Diskusijas moderatore:\u00a0Inese Supe,<\/strong> v\u0113\u017ea paciente un \u017eurn\u0101liste, Latvijas Onkolo\u0123isko pacientu organiz\u0101cija \u201cOnkoalianse\u201d<\/p>\n<p><strong>DAL\u012aBNIEKI:<\/strong><\/p>\n<p>&#8211; <strong>Ingr\u012bda Circene<\/strong>, Saeimas Soci\u0101lo un darba lietu komisijas priek\u0161s\u0113d\u0113t\u0101ja biedre, Onkolo\u0123ijas pacientu atbalsta deput\u0101tu grupas vad\u012bt\u0101ja<\/p>\n<p>&#8211;\u00a0<strong>Neringa \u010cakiene<\/strong> (<em>Neringa Ciakiene<\/em>), Lietuvas V\u0113\u017ea pacientu koal\u012bcijas (POLA) vad\u012bt\u0101ja<\/p>\n<p>&#8211; <strong>Aija Geri\u0146a,<\/strong> Latvijas Onkologu \u0137\u012bmijterapeitu asoci\u0101cijas valdes priek\u0161s\u0113d\u0113t\u0101ja<\/p>\n<p>&#8211; <strong>Maija \u0100boli\u0146a<\/strong>,\u00a0 Valsts kontroles padomes locekle<\/p>\n"},{"start_time":"15.30","end_time":"","description":"<p><strong>NOSL\u0112GUMS UN SECIN\u0100JUMI<\/strong><\/p>\n<p><strong>&#8211; Ingr\u012bda Circene<\/strong>, Saeimas Soci\u0101lo un darba lietu komisijas priek\u0161s\u0113d\u0113t\u0101ja biedre, Onkolo\u0123ijas pacientu atbalsta deput\u0101tu grupas vad\u012bt\u0101ja<\/p>\n<p><strong>&#8211; Olga Valci\u0146a,<\/strong> Latvijas Onkolo\u0123isko pacientu organiz\u0101cijas \u201cOnkoalianse\u201d dibin\u0101t\u0101ja<\/p>\n"}]}]},{"day_name":"2.diena","date":"21.05.2025","session":[{"session_title":"PACIENTU ORGANIZ\u0100CIJAS \u2013 SL\u0112GT\u0100 SESIJA","events":[{"start_time":"09.00","end_time":"11.00","description":"<p>Pacientu NVO iek\u0161\u0113j\u0101 darbak\u0101rt\u012bba.<\/p>\n"},{"start_time":"11.00","end_time":"13.00","description":"<p>Pacientu NVO iek\u0161\u0113j\u0101 darbak\u0101rt\u012bba.<\/p>\n"},{"start_time":"13.00","end_time":"","description":"<p>Nosl\u0113gums<\/p>\n"}]}]}]},"yoast_head":"<!-- This site is optimized with the Yoast SEO plugin v27.4 - https:\/\/yoast.com\/product\/yoast-seo-wordpress\/ -->\n<title>Programma - Cancer Equality<\/title>\n<meta name=\"robots\" content=\"index, follow, max-snippet:-1, max-image-preview:large, max-video-preview:-1\" \/>\n<link rel=\"canonical\" href=\"https:\/\/cancerequality.eu\/lv\/programme-2025\/\" \/>\n<meta property=\"og:locale\" content=\"lv_LV\" \/>\n<meta property=\"og:type\" content=\"article\" \/>\n<meta property=\"og:title\" content=\"Programma - Cancer Equality\" \/>\n<meta property=\"og:url\" content=\"https:\/\/cancerequality.eu\/lv\/programme-2025\/\" \/>\n<meta property=\"og:site_name\" content=\"Cancer Equality\" \/>\n<meta property=\"article:modified_time\" content=\"2025-05-16T13:42:22+00:00\" \/>\n<meta property=\"og:image\" content=\"https:\/\/cancerequality.eu\/wp-content\/uploads\/2022\/01\/onko_fb.jpg\" \/>\n\t<meta property=\"og:image:width\" content=\"1200\" \/>\n\t<meta property=\"og:image:height\" content=\"630\" \/>\n\t<meta property=\"og:image:type\" content=\"image\/jpeg\" \/>\n<meta name=\"twitter:card\" content=\"summary_large_image\" \/>\n<script type=\"application\/ld+json\" class=\"yoast-schema-graph\">{\"@context\":\"https:\\\/\\\/schema.org\",\"@graph\":[{\"@type\":\"WebPage\",\"@id\":\"https:\\\/\\\/cancerequality.eu\\\/lv\\\/programme-2025\\\/\",\"url\":\"https:\\\/\\\/cancerequality.eu\\\/lv\\\/programme-2025\\\/\",\"name\":\"Programma - Cancer Equality\",\"isPartOf\":{\"@id\":\"https:\\\/\\\/cancerequality.eu\\\/lv\\\/#website\"},\"datePublished\":\"2025-03-16T19:09:26+00:00\",\"dateModified\":\"2025-05-16T13:42:22+00:00\",\"breadcrumb\":{\"@id\":\"https:\\\/\\\/cancerequality.eu\\\/lv\\\/programme-2025\\\/#breadcrumb\"},\"inLanguage\":\"lv-LV\",\"potentialAction\":[{\"@type\":\"ReadAction\",\"target\":[[\"https:\\\/\\\/cancerequality.eu\\\/lv\\\/programme-2025\\\/\"]]}]},{\"@type\":\"BreadcrumbList\",\"@id\":\"https:\\\/\\\/cancerequality.eu\\\/lv\\\/programme-2025\\\/#breadcrumb\",\"itemListElement\":[{\"@type\":\"ListItem\",\"position\":1,\"name\":\"Home\",\"item\":\"https:\\\/\\\/cancerequality.eu\\\/lv\\\/\"},{\"@type\":\"ListItem\",\"position\":2,\"name\":\"Programme\"}]},{\"@type\":\"WebSite\",\"@id\":\"https:\\\/\\\/cancerequality.eu\\\/lv\\\/#website\",\"url\":\"https:\\\/\\\/cancerequality.eu\\\/lv\\\/\",\"name\":\"Cancer Equality\",\"description\":\"On Equality in Beating Cancer\",\"publisher\":{\"@id\":\"https:\\\/\\\/cancerequality.eu\\\/lv\\\/#organization\"},\"potentialAction\":[{\"@type\":\"SearchAction\",\"target\":{\"@type\":\"EntryPoint\",\"urlTemplate\":\"https:\\\/\\\/cancerequality.eu\\\/lv\\\/?s={search_term_string}\"},\"query-input\":{\"@type\":\"PropertyValueSpecification\",\"valueRequired\":true,\"valueName\":\"search_term_string\"}}],\"inLanguage\":\"lv-LV\"},{\"@type\":\"Organization\",\"@id\":\"https:\\\/\\\/cancerequality.eu\\\/lv\\\/#organization\",\"name\":\"Cancer Equality\",\"url\":\"https:\\\/\\\/cancerequality.eu\\\/lv\\\/\",\"logo\":{\"@type\":\"ImageObject\",\"inLanguage\":\"lv-LV\",\"@id\":\"https:\\\/\\\/cancerequality.eu\\\/lv\\\/#\\\/schema\\\/logo\\\/image\\\/\",\"url\":\"https:\\\/\\\/cancerequality.eu\\\/wp-content\\\/uploads\\\/2022\\\/01\\\/onko_fb.jpg\",\"contentUrl\":\"https:\\\/\\\/cancerequality.eu\\\/wp-content\\\/uploads\\\/2022\\\/01\\\/onko_fb.jpg\",\"width\":1200,\"height\":630,\"caption\":\"Cancer Equality\"},\"image\":{\"@id\":\"https:\\\/\\\/cancerequality.eu\\\/lv\\\/#\\\/schema\\\/logo\\\/image\\\/\"}}]}<\/script>\n<!-- \/ Yoast SEO plugin. -->","yoast_head_json":{"title":"Programma - Cancer Equality","robots":{"index":"index","follow":"follow","max-snippet":"max-snippet:-1","max-image-preview":"max-image-preview:large","max-video-preview":"max-video-preview:-1"},"canonical":"https:\/\/cancerequality.eu\/lv\/programme-2025\/","og_locale":"lv_LV","og_type":"article","og_title":"Programma - Cancer Equality","og_url":"https:\/\/cancerequality.eu\/lv\/programme-2025\/","og_site_name":"Cancer Equality","article_modified_time":"2025-05-16T13:42:22+00:00","og_image":[{"width":1200,"height":630,"url":"https:\/\/cancerequality.eu\/wp-content\/uploads\/2022\/01\/onko_fb.jpg","type":"image\/jpeg"}],"twitter_card":"summary_large_image","schema":{"@context":"https:\/\/schema.org","@graph":[{"@type":"WebPage","@id":"https:\/\/cancerequality.eu\/lv\/programme-2025\/","url":"https:\/\/cancerequality.eu\/lv\/programme-2025\/","name":"Programma - Cancer Equality","isPartOf":{"@id":"https:\/\/cancerequality.eu\/lv\/#website"},"datePublished":"2025-03-16T19:09:26+00:00","dateModified":"2025-05-16T13:42:22+00:00","breadcrumb":{"@id":"https:\/\/cancerequality.eu\/lv\/programme-2025\/#breadcrumb"},"inLanguage":"lv-LV","potentialAction":[{"@type":"ReadAction","target":[["https:\/\/cancerequality.eu\/lv\/programme-2025\/"]]}]},{"@type":"BreadcrumbList","@id":"https:\/\/cancerequality.eu\/lv\/programme-2025\/#breadcrumb","itemListElement":[{"@type":"ListItem","position":1,"name":"Home","item":"https:\/\/cancerequality.eu\/lv\/"},{"@type":"ListItem","position":2,"name":"Programme"}]},{"@type":"WebSite","@id":"https:\/\/cancerequality.eu\/lv\/#website","url":"https:\/\/cancerequality.eu\/lv\/","name":"Cancer Equality","description":"On Equality in Beating Cancer","publisher":{"@id":"https:\/\/cancerequality.eu\/lv\/#organization"},"potentialAction":[{"@type":"SearchAction","target":{"@type":"EntryPoint","urlTemplate":"https:\/\/cancerequality.eu\/lv\/?s={search_term_string}"},"query-input":{"@type":"PropertyValueSpecification","valueRequired":true,"valueName":"search_term_string"}}],"inLanguage":"lv-LV"},{"@type":"Organization","@id":"https:\/\/cancerequality.eu\/lv\/#organization","name":"Cancer Equality","url":"https:\/\/cancerequality.eu\/lv\/","logo":{"@type":"ImageObject","inLanguage":"lv-LV","@id":"https:\/\/cancerequality.eu\/lv\/#\/schema\/logo\/image\/","url":"https:\/\/cancerequality.eu\/wp-content\/uploads\/2022\/01\/onko_fb.jpg","contentUrl":"https:\/\/cancerequality.eu\/wp-content\/uploads\/2022\/01\/onko_fb.jpg","width":1200,"height":630,"caption":"Cancer Equality"},"image":{"@id":"https:\/\/cancerequality.eu\/lv\/#\/schema\/logo\/image\/"}}]}},"_links":{"self":[{"href":"https:\/\/cancerequality.eu\/lv\/wp-json\/wp\/v2\/pages\/672","targetHints":{"allow":["GET"]}}],"collection":[{"href":"https:\/\/cancerequality.eu\/lv\/wp-json\/wp\/v2\/pages"}],"about":[{"href":"https:\/\/cancerequality.eu\/lv\/wp-json\/wp\/v2\/types\/page"}],"author":[{"embeddable":true,"href":"https:\/\/cancerequality.eu\/lv\/wp-json\/wp\/v2\/users\/1"}],"replies":[{"embeddable":true,"href":"https:\/\/cancerequality.eu\/lv\/wp-json\/wp\/v2\/comments?post=672"}],"version-history":[{"count":61,"href":"https:\/\/cancerequality.eu\/lv\/wp-json\/wp\/v2\/pages\/672\/revisions"}],"predecessor-version":[{"id":857,"href":"https:\/\/cancerequality.eu\/lv\/wp-json\/wp\/v2\/pages\/672\/revisions\/857"}],"wp:attachment":[{"href":"https:\/\/cancerequality.eu\/lv\/wp-json\/wp\/v2\/media?parent=672"}],"curies":[{"name":"wp","href":"https:\/\/api.w.org\/{rel}","templated":true}]}}