{"id":14,"date":"2021-12-04T11:21:43","date_gmt":"2021-12-04T11:21:43","guid":{"rendered":"https:\/\/cancerequality.eu\/?page_id=14"},"modified":"2022-03-17T19:16:44","modified_gmt":"2022-03-17T19:16:44","slug":"programma","status":"publish","type":"page","link":"https:\/\/cancerequality.eu\/lv\/programma\/","title":{"rendered":"Programma"},"content":{"rendered":"","protected":false},"excerpt":{"rendered":"","protected":false},"author":1,"featured_media":0,"parent":0,"menu_order":0,"comment_status":"closed","ping_status":"closed","template":"programme.php","meta":{"inline_featured_image":false,"footnotes":""},"class_list":["post-14","page","type-page","status-publish","hentry"],"acf":{"day":[{"day_name":"1.diena","date":"18.03.2022","session":[{"session_title":"KONGRESA ATKL\u0100\u0160ANA","events":[{"start_time":"08.30","end_time":"09.30","description":"<p>Re\u0123istr\u0101cija<\/p>\n"},{"start_time":"09.30","end_time":"09.35","description":"<p><strong>Atkl\u0101\u0161ana. Moderators: Ivars Ijabs, <\/strong>Latviju p\u0101rst\u0101vo\u0161ais Eiropas Parlamenta deput\u0101ts, Eiropas Parlamenta \u012apa\u0161\u0101s komitejas v\u0113\u017ea uzveik\u0161anai (BECA) vad\u012bt\u0101ja vietnieks.<\/p>\n"},{"start_time":"09.35","end_time":"09.40","description":"<p><strong>Atkl\u0101\u0161anas uzruna. Olga Valci\u0146a, Latvijas Onkolo\u0123ijas pacientu organiz\u0101ciju apvien\u012bbas \u201cOnkoalianse\u201d dibin\u0101t\u0101ja.<\/strong> Kongresa m\u0113r\u0137is. Situ\u0101cijas p\u0101rskats, onkolo\u0123isk\u0101s apr\u016bpes pieejam\u012bba ES Austrumeiropas un Centr\u0101leiropas valst\u012bs.<\/p>\n"},{"start_time":"09.40","end_time":"09.45","description":"<p><strong>Stella Kirjakidu (<em>Stella Kyriakides<\/em>), Eiropas Komisijas (EK) vesel\u012bbas un p\u0101rtikas dro\u0161uma komis\u0101re. <\/strong>Video uzruna: ES m\u0113r\u0137i un strat\u0113\u0123ija v\u0113\u017ea uzveik\u0161anai un vienl\u012bdz\u012bgas apr\u016bpes nodro\u0161in\u0101\u0161anai onkolo\u0123ijas pacientiem.<\/p>\n"},{"start_time":"09.45","end_time":"09.47","description":"<p>Video uzruna. <strong>Andra Levite<\/strong>, Valsts prezidenta dz\u012bvesbiedre<\/p>\n"},{"start_time":"09.47","end_time":"09.55","description":"<p><strong>Daniels Pav\u013cuts<\/strong>, Latvijas vesel\u012bbas ministrs<strong>.<\/strong><\/p>\n"},{"start_time":"09.55","end_time":"10.00","description":"<p><strong>Nikolae Stefanuta (<em>Nicolae \u0218tef\u0103nu\u021b\u0103<\/em>),<\/strong> Eiropas Parlamenta \u012apa\u0161\u0101s komitejas v\u0113\u017ea uzveik\u0161anai (BECA) koordinators.<\/p>\n"},{"start_time":"10.00","end_time":"10.15","description":"<p><strong>Dr. Betina Rilla (<em>Bettina Ryll<\/em>),<\/strong> pacientu ties\u012bbu aizst\u0101ve un Eiropas Melanomas pacientu t\u012bkla dibin\u0101t\u0101ja, bijus\u012b ES V\u0113\u017ea misijas valdes locekle. Galvenie nevienl\u012bdz\u012bbas aspekti v\u0113\u017ea apr\u016bp\u0113 un to sekas.<\/p>\n"}]},{"session_title":"1. PLEN\u0100RS\u0112DE. NEVIENL\u012aDZ\u012aBA: PACIENTU UN VESEL\u012aBAS APR\u016aPES SPECI\u0100LISTU PERSPEKT\u012aVA","events":[{"start_time":"","end_time":"","description":"<p><strong>Temats<\/strong>: Vienl\u012bdz\u012bbas principa \u012bsteno\u0161anas veidi, nacion\u0101lo valstu l\u012bmen\u012b sinhroniz\u0113jot ES v\u0113\u017ea apr\u016bpes standartus. Kop\u012bgie principi inovat\u012bvu medic\u012bnas tehnolo\u0123iju iek\u013cau\u0161anai onkolo\u0123iskajiem pacientiem paredz\u0113tajos kompens\u0113jamos vesel\u012bbas apr\u016bpes pakalpojumos ES valst\u012bs.<\/p>\n<p><strong>Moderators:<\/strong> M\u0101rti\u0146\u0161 Daugulis, soci\u0101lantropologs, R\u012bgas Stradi\u0146a universit\u0101tes lektors<\/p>\n<p><strong>Run\u0101t\u0101ji:<\/strong><\/p>\n"},{"start_time":"10.15","end_time":"","description":"<p style=\"padding-left: 40px;\"><strong>1.run\u0101t\u0101js<\/strong> <strong>\u2013 Keitija Olivera (<em>Kathy Oliver<\/em>),<\/strong> Starptautisk\u0101s smadze\u0146u audz\u0113ju alianses priek\u0161s\u0113d\u0113t\u0101ja un l\u012bdzdirektore un Eiropas V\u0113\u017ea organiz\u0101cijas Pacientu konsultat\u012bv\u0101s komitejas l\u012bdzpriek\u0161s\u0113d\u0113t\u0101ja. Eiropas V\u0113\u017ea prakses kodekss.<\/p>\n"},{"start_time":"10.25","end_time":"","description":"<p style=\"padding-left: 40px;\"><strong>2. run\u0101t\u0101js<\/strong> \u2013 <strong>Prof. Sonata Jarmalaite (<em>Sonata Jarmalait\u0117<\/em>),<\/strong> Vi\u013c\u0146as Nacion\u0101l\u0101 v\u0113\u017ea instit\u016bta p\u0113tniec\u012bbas un att\u012bst\u012bbas direktora vietniece, Lietuva. Personaliz\u0113tas v\u0113\u017ea apr\u016bpes pieejam\u012bbas nevienl\u012bdz\u012bbas aspekti Eirop\u0101.<\/p>\n"},{"start_time":"10.35","end_time":"","description":"<p style=\"padding-left: 40px;\"><strong>3. run\u0101t\u0101js<\/strong> \u2013 <strong>Dita Dz\u0113rviniece<\/strong>, \u201c<em>PricewaterhouseCoopers Legal Latvia<\/em>\u201d vec\u0101k\u0101 juriste. Pacientu ties\u012bbas ES \u2013 galvenie ES pacientu ties\u012bbu noteikumi, kurus p\u0101rk\u0101pj nevienl\u012bdz\u012bga v\u0113\u017ea apr\u016bpe.<\/p>\n"},{"start_time":"10.45","end_time":"","description":"<p><strong>Diskusija<\/strong><\/p>\n<p style=\"padding-left: 40px;\"><strong>1. dal\u012bbnieks<\/strong>: <strong>Menija Kukud\u017eani (<em>Menia Koukougianni<\/em>),<\/strong> Grie\u0137ijas v\u0113\u017ea pacientu organiz\u0101cijas \u201cKarkinaki\u201d vad\u012bt\u0101ja. At\u0161\u0137ir\u012bbas ES pediatriskaj\u0101 onkolo\u0123ij\u0101 attiec\u012bb\u0101 uz b\u0113rniem paredz\u0113t\u0101s v\u0113\u017ea apr\u016bpes pieejam\u012bbu.<\/p>\n<p style=\"padding-left: 40px;\"><strong>2. dal\u012bbnieks<\/strong>: <strong>Viktors Kozirovskis,<\/strong> onkologs \u0137\u012bmijterapeits, Latvijas Onkologu \u0137\u012bmijterapeitu asoci\u0101cijas (LO\u0136A) valdes priek\u0161s\u0113d\u0113t\u0101jas vietnieks. Latvijas pieredze nevienl\u012bdz\u012bbas nov\u0113r\u0161an\u0101 v\u0113\u017ea apr\u016bp\u0113.<\/p>\n<p style=\"padding-left: 40px;\"><strong>3. dal\u012bbnieks<\/strong>: <strong>Krist\u012bna Ojam\u0101 (<em>Kristiina Ojamaa<\/em>)<\/strong>, onkolo\u0123e, Tartu Universit\u0101tes slimn\u012bcas Hematolo\u0123ijas un onkolo\u0123ijas kl\u012bnikas vad\u012bt\u0101ja. Igaunijas pieredze nevienl\u012bdz\u012bbas nov\u0113r\u0161an\u0101 v\u0113\u017ea apr\u016bp\u0113.<\/p>\n<p style=\"padding-left: 40px;\"><strong>4. dal\u012bbnieks: Dr. Pjotrs Rutkovskis<\/strong>, onko\u0137irur\u0123ijas profesors Marijas Sklodovskas-Kir\u012b memori\u0101laj\u0101 v\u0113\u017ea centr\u0101 un onkolo\u0123ijas instit\u016bt\u0101 Var\u0161av\u0101, Polija.<\/p>\n"},{"start_time":"11.15","end_time":"11.45","description":"<p><strong>P\u0101rtraukums<\/strong><\/p>\n"}]},{"session_title":"2. PLEN\u0100RS\u0112DE. NEVIENL\u012aDZ\u012aBA: POLITISK\u0100 PERSPEKT\u012aVA","events":[{"start_time":"","end_time":"","description":"<p><strong>Temats<\/strong>: Eiropas v\u0113\u017ea uzveik\u0161anas pl\u0101nam un t\u0101 finans\u0113jumam b\u016btu j\u0101veicina vienl\u012bdz\u012bbas principa iev\u0113ro\u0161ana v\u0113\u017ea apr\u016bp\u0113 vis\u0101s ES valst\u012bs.<\/p>\n<p>Vienl\u012bdz\u012bgas v\u0113\u017ea apr\u016bpes \u2013 diagnostikas, terapijas, rehabilit\u0101cijas, paliat\u012bv\u0101s apr\u016bpes \u2013 pieejam\u012bba ES Austrumeiropas un Centr\u0101leiropas valst\u012bs:<\/p>\n<p style=\"padding-left: 40px;\">1. vienl\u012bdz\u012bba medikamentu, tostarp personaliz\u0113t\u0101s (t.i., prec\u012bzijas) terapijas pieejam\u012bb\u0101;<br \/>\n2. vienl\u012bdz\u012bba diagnostikas, terapijas un inovat\u012bvo \u0101rst\u0113\u0161anas tehnolo\u0123iju pieejam\u012bb\u0101;<br \/>\n3. nacion\u0101lo valstu onkolo\u0123isko pacientu att\u0101lin\u0101t\u0101s p\u0101rrobe\u017eu apr\u016bpes iesp\u0113jas.<\/p>\n<p><strong>Moderators:<\/strong> <strong>Ivars Ijabs, <\/strong>Latviju p\u0101rst\u0101vo\u0161ais Eiropas Parlamenta deput\u0101ts, Eiropas Parlamenta \u012apa\u0161\u0101s komitejas v\u0113\u017ea uzveik\u0161anai (BECA) vad\u012bt\u0101ja vietnieks.<\/p>\n<p><strong>Run\u0101t\u0101ji:<\/strong><\/p>\n"},{"start_time":"11.45","end_time":"","description":"<p style=\"padding-left: 40px;\"><strong>1. run\u0101t\u0101js<\/strong> <strong>\u2013 Nikolae Stefanuta (<em>Nicolae \u0218tef\u0103nu\u021b\u0103<\/em>),<\/strong> Eiropas Parlamenta \u012apa\u0161\u0101s komitejas v\u0113\u017ea uzveik\u0161anai (BECA) koordinators. K\u0101di instrumenti ir nepiecie\u0161ami, lai \u012bstenotu EP Rezol\u016bciju \u201cPar Eiropas stiprin\u0101\u0161anu v\u0113\u017ea uzveik\u0161an\u0101 \u2013 ce\u013c\u0101 uz visaptvero\u0161u un koordin\u0113tu strat\u0113\u0123iju\u201d un mazin\u0101tu nevienl\u012bdz\u012bbu starp Austrumeiropas un Centr\u0101leiropas valst\u012bm vis\u0101 v\u0113\u017ea apr\u016bpes spektr\u0101?<\/p>\n"},{"start_time":"11.55","end_time":"","description":"<p style=\"padding-left: 40px;\"><strong>2. run\u0101t\u0101js<\/strong> <strong>\u2013 M\u0101rcis Leja<\/strong>, profesors, Latvijas Universit\u0101tes Kl\u012bnisk\u0101s un profilaktisk\u0101s medic\u012bnas instit\u016bta direktors, biju\u0161ais ES V\u0113\u017ea misijas valdes loceklis. Risin\u0101jumi ES V\u0113\u017ea misijas ieteikumu \u012bsteno\u0161anai nacion\u0101lo valstu l\u012bmen\u012b.<\/p>\n"},{"start_time":"12.05","end_time":"","description":"<p style=\"padding-left: 40px;\"><strong>3. run\u0101t\u0101js<\/strong> <strong>\u2013 Partha Basu (<em>Partha Basu<\/em>)<\/strong>, Starptautisk\u0101s V\u0113\u017ea p\u0113tniec\u012bbas a\u0123ent\u016bras (SVPA) agr\u012bn\u0101s atkl\u0101\u0161anas, profilakses un infekciju noda\u013cas vad\u012bt\u0101ja atbild\u012bgais vietnieks par Struktur\u0101lo reformu atbalsta \u0123ener\u0101ldirektor\u0101ta (\u0122D REFORM) \u012bstenoto projektu.<\/p>\n"},{"start_time":"12.15","end_time":"","description":"<p><strong>Diskusija<\/strong><\/p>\n<p style=\"padding-left: 40px;\"><strong>1. dal\u012bbnieks<\/strong> <strong>\u2013<\/strong> <strong>D\u017eons Raiens (<em>John Ryan<\/em><\/strong>), Eiropas Savien\u012bbas Vesel\u012bbas un p\u0101rtikas nekait\u012bguma \u0123ener\u0101ldirektor\u0101ta (\u0122D SANTE) Sabiedr\u012bbas vesel\u012bbas nacion\u0101lo zin\u0101\u0161anu un kr\u012b\u017eu vad\u012bbas noda\u013cas direktors. ES pl\u0101ns v\u0113\u017ea uzveik\u0161an\u0101 un t\u0101 fokuss uz nevienl\u012bdz\u012bbu.<\/p>\n<p style=\"padding-left: 40px;\"><strong>2. dal\u012bbnieks<\/strong> <strong>\u2013<\/strong> <strong>Daniels Pav\u013cuts<\/strong>, Latvijas vesel\u012bbas ministrs.<\/p>\n<p style=\"padding-left: 40px;\"><strong>3. dal\u012bbnieks<\/strong> <strong>\u2013<\/strong> <strong>Inga Cehanovi\u010diene (<em>Inga Cechanovi\u010dien\u0117<\/em>)<\/strong>, Lietuvas Republikas Vesel\u012bbas ministrijas Individu\u0101l\u0101s vesel\u012bbas departamenta Specializ\u0113t\u0101s vesel\u012bbas apr\u016bpes noda\u013cas vad\u012bt\u0101ja.<\/p>\n<p style=\"padding-left: 40px;\"><strong>4. dal\u012bbnieks<\/strong> <strong>\u2013<\/strong> <strong>Tanels K\u012bks (<em>Tanel Kiik<\/em>)<\/strong>, Igaunijas vesel\u012bbas un darba ministrs.<\/p>\n<p style=\"padding-left: 40px;\"><strong>5. dal\u012bbnieks<\/strong> <strong>\u2013<\/strong> <strong>Uldis Mitenbergs<\/strong>, Pasaules Vesel\u012bbas organiz\u0101cijas p\u0101rst\u0101vniec\u012bbas Latvij\u0101 vad\u012bt\u0101js. Uz v\u0113rt\u012bb\u0101m balst\u012bta vesel\u012bbas apr\u016bpe. V\u0113\u017ea ekonometrija.<\/p>\n"},{"start_time":"13.30","end_time":"14.30","description":"<p><strong>Pusdienu p\u0101rtraukums \/ <\/strong><a href=\"https:\/\/cancerequality.eu\/lv\/medijiem\/\"><strong>Preses konference<\/strong><\/a><\/p>\n"}]},{"session_title":"3. PLEN\u0100RS\u0112DE. PACIENTU AIZST\u0100V\u012aBAS LOMA NEVIEL\u012aDZ\u012aBAS MAZIN\u0100\u0160AN\u0100 V\u0112\u017dA UZVEIK\u0160AN\u0100","events":[{"start_time":"","end_time":"","description":"<p><strong>Temats: <\/strong>Pacientu organiz\u0101ciju loma un iesp\u0113jas EP Rezol\u016bcijas \u201cPar Eiropas stiprin\u0101\u0161anu v\u0113\u017ea uzveik\u0161an\u0101 \u2013 ce\u013c\u0101 uz visaptvero\u0161u un koordin\u0113tu strat\u0113\u0123iju\u201d \u012bsteno\u0161anas nodro\u0161in\u0101\u0161an\u0101.<\/p>\n<p><strong>Moderators:<\/strong> M\u0101rti\u0146\u0161 Daugulis, soci\u0101lantropologs, R\u012bgas Stradi\u0146a universit\u0101tes lektors<\/p>\n<p><strong>Run\u0101t\u0101ji:<\/strong><\/p>\n"},{"start_time":"14.35","end_time":"14.45","description":"<p style=\"padding-left: 40px;\"><strong>1. run\u0101t\u0101js<\/strong> <strong>\u2013 Dr.<\/strong> <strong>Mariuss Gaenta (<em>Marius Geant\u0103<\/em>),<\/strong> Rum\u0101nijas Medic\u012bnas inov\u0101ciju centra prezidents un l\u012bdzdibin\u0101t\u0101js. Pilsonisk\u0101s sabiedr\u012bbas loma v\u0113\u017ea uzveik\u0161an\u0101.<\/p>\n"},{"start_time":"14.45","end_time":"14.55","description":"<p style=\"padding-left: 40px;\"><strong>2. run\u0101t\u0101js \u2013<\/strong> <strong>Dr. Stanimirs Hasurdijevs (<em>Stanimir Hasurdjiev<\/em>),<\/strong> Pacientu partner\u012bbas (<em>Patient Access Partnership<\/em>) t\u012bkla \u0123ener\u0101lsekret\u0101rs, Bulg\u0101rijas Nacion\u0101l\u0101s pacientu organiz\u0101cijas r\u012bkot\u0101jdirektors. Pacientu ekspertzin\u0101\u0161anu unikalit\u0101te un n\u0101kotnes pacientu organiz\u0101cija.<\/p>\n"},{"start_time":"14.55","end_time":"15.05","description":"<p style=\"padding-left: 40px;\"><strong>3. run\u0101t\u0101js \u2013 Toivo Tanavs\u016b (<em>Toivo T\u00e4navs\u016b<\/em>), Hille Tanavs\u016b (<em>Hille T\u00e4navs\u016b<\/em>), <\/strong>V\u0113\u017ea \u0101rst\u0113\u0161anas fonds\/ \u201c<em>V\u00e4hiravifond Kingitud Elu<\/em>\u201d (Igaunija). Igaunijas pieredze \u2013 k\u0101 mobiliz\u0113jot sabiedr\u012bbu un ar priv\u0101tu ziedojumu pal\u012bdz\u012bbu, 7 gadu laik\u0101 ir praktiski nov\u0113rsta modern\u0101s v\u0113\u017ea apr\u016bpes nepieejam\u012bbas probl\u0113ma.<\/p>\n"},{"start_time":"15.05","end_time":"15.30","description":"<p><strong>Diskusija<\/strong><\/p>\n<p style=\"padding-left: 40px;\"><strong>1. dal\u012bbnieks \u2013<\/strong> <strong>Kristina Modica (<em>Kristina Modic<\/em>),<\/strong> Slov\u0113nijas Limfomas un leik\u0113mijas pacientu asoci\u0101cijas izpilddirektore, \u201c<em>Myeloma Patients Europe<\/em>\u201d valdes locekle, \u013bub\u013canas Onkolo\u0123ijas instit\u016bta Pacientu padomes viceprezidente, Slov\u0113nijas V\u0113\u017ea pacientu organiz\u0101ciju apvien\u012bbas ONKO NET prezidente, 2021. gada Eiropas Pilso\u0146u balvas ieguv\u0113ja.<\/p>\n<p style=\"padding-left: 40px;\"><strong>2. dal\u012bbnieks \u2013 Fausta \u0160imonel\u012bte (<em>Fausta \u0160imon\u0117lyt\u0117<\/em>), <\/strong>Lietuvas V\u0113\u017ea pacientu koal\u012bcijas (POLA) juriskonsulte.<\/p>\n<p style=\"padding-left: 40px;\"><strong>3. dal\u012bbnieks \u2013<\/strong> <strong>Zinta Uskale<\/strong>, NVO \u201cRoz\u0101 vilciena labdar\u012bbas fonds\u201d dibin\u0101t\u0101ja, Latvija, un Latvijas Onkolo\u0123ijas pacientu organiz\u0101ciju apvien\u012bbas \u201cOnkoalianses\u201d valdes locekle.<\/p>\n<p style=\"padding-left: 40px;\"><strong>4. dal\u012bbnieks &#8211; Jaceks Macijevskis,<\/strong> Rakn\u2019 Roll organiz\u0101cijas valdes loceklis, Polija<\/p>\n"},{"start_time":"15.45","end_time":"16.15","description":"<p><strong>P\u0101rtraukums<\/strong><\/p>\n"}]},{"session_title":"4. PLEN\u0100RS\u0112DE. INOVAT\u012aVAS UN PERSONALIZ\u0112TAS \u0100RST\u0112\u0160ANAS PERSPEKT\u012aVA V\u0112\u017dA APR\u016aP\u0112","events":[{"start_time":"","end_time":"","description":"<p><strong>Temats:<\/strong> Kop\u0113jie v\u0113\u017ea apr\u016bpes kvalit\u0101tes standarti ES. Nepiecie\u0161am\u012bba p\u0113c vienotas pieejas v\u0113\u017ea apr\u016bp\u0113, kas balst\u012bta profesion\u0101lo organiz\u0101ciju izstr\u0101d\u0101taj\u0101s vadl\u012bnij\u0101s un standartos. Gaid\u0101m\u0101s un daudzsolo\u0161\u0101k\u0101s inov\u0101cijas v\u0113\u017ea \u0101rst\u0113\u0161anas jom\u0101.<\/p>\n<p><strong>Moderatori:<\/strong><\/p>\n<p><strong>Helmuts B\u0113\u0137is,<\/strong> Latvijas Onkolo\u0123ijas pacientu organiz\u0101ciju apvien\u012bbas \u201cOnkoalianse\u201d valdes priek\u0161s\u0113d\u0113t\u0101js<\/p>\n<p><strong>Harijs Gals,<\/strong> Plau\u0161u v\u0113\u017ea pacientu un tuvinieku biedr\u012bbas valdes loceklis<\/p>\n<p><strong>Run\u0101t\u0101ji:<\/strong><\/p>\n"},{"start_time":"16.15","end_time":"","description":"<p style=\"padding-left: 40px;\"><strong>1. run\u0101t\u0101js<\/strong> <strong>\u2013 Prof. D\u017euzepe Kurigli\u0101no (<em>Giuseppe Curigliano<\/em>)<\/strong>, Eiropas medic\u012bnas onkolo\u0123ijas biedr\u012bbas (ESMO) Vadl\u012bniju komitejas priek\u0161s\u0113d\u0113t\u0101js. ESMO Vadl\u012bniju noz\u012bm\u012bgums v\u0113\u017ea apr\u016bpes kop\u0113jo standartu un inov\u0101ciju ievie\u0161an\u0101 vis\u0101 ES.<\/p>\n"},{"start_time":"16.30","end_time":"","description":"<p style=\"padding-left: 40px;\"><strong>2. run\u0101t\u0101js<\/strong> <strong>\u2013<\/strong> <strong>Jina Jonga P\u0101rka (<em>Jin Young Park<\/em>),<\/strong> Starptautisk\u0101s v\u0113\u017ea p\u0113tniec\u012bbas a\u0123ent\u016bras (SVPA) Agr\u012bn\u0101s atkl\u0101\u0161anas, profilakses un infekciju noda\u013cas zin\u0101tnisk\u0101 l\u012bdzstr\u0101dniece. Jaun\u0101kie sasniegumi ku\u0146\u0123a v\u0113\u017ea profilaks\u0113 un GISTAR p\u0113t\u012bjums.<\/p>\n"},{"start_time":"16.45","end_time":"","description":"<p style=\"padding-left: 40px;\"><strong>3. run\u0101t\u0101js<\/strong> <strong>\u2013<\/strong> <strong>Prof.<\/strong> <strong>Alinta Hegmane,<\/strong> onkolo\u0123e \u0137\u012bmijterapeite, Latvija. Vesel\u012bbas apr\u016bpes speci\u0101listu izaicin\u0101jumi, kas saist\u012bti ar piel\u0101go\u0161anos sare\u017e\u0123\u012btaj\u0101m un strauji main\u012bgaj\u0101m v\u0113\u017ea \u0101rst\u0113\u0161anas paradigm\u0101m un \u0101rsta-pacienta komunik\u0101cijas izaicin\u0101jumiem.<\/p>\n"},{"start_time":"17.00","end_time":"","description":"<p style=\"padding-left: 40px;\"><strong>4. run\u0101t\u0101js<\/strong> <strong>\u2013 Francisko Roha Gonzaless (<em>Francisco Rocha Gon\u00e7alves<\/em>), <\/strong>profesion\u0101ls ekonomists un Porto Universit\u0101tes Medic\u012bnas fakult\u0101tes viesprofesors. Molekul\u0101r\u0101 v\u0113\u017ea kons\u012blija sniegtie ieguvumi un v\u0113rt\u012bb\u0101s balst\u012btas vesel\u012bbas apr\u016bpes <em>(value-based healthcare<\/em>) noz\u012bme v\u0113\u017ea apr\u016bp\u0113.<\/p>\n"}]},{"session_title":"NOSL\u0112GUMS. ATKL\u0100T\u0100S V\u0112STULES PARAKST\u012a\u0160ANA","events":[{"start_time":"17.15","end_time":"","description":"<p>Atkl\u0101t\u0101s v\u0113stules saturs \u2013 video prezent\u0101cija<\/p>\n<p>Atkl\u0101t\u0101s v\u0113stules parakst\u012b\u0161ana. \u0160\u012b v\u0113stule tiks nos\u016bt\u012bta Eiropas Parlamentam, Eiropas Komisijai un kongres\u0101 p\u0101rst\u0101v\u0113to ES valstu vald\u012bb\u0101m. To parakst\u012bt ir ties\u012bgas tikai pacientu organiz\u0101cijas.<\/p>\n<p><strong>Nosl\u0113gums.<\/strong><\/p>\n"},{"start_time":"18.00","end_time":"","description":"<p><strong>Vakari\u0146u bufete<\/strong> kongresa apmekl\u0113t\u0101jiem viesn\u012bcas <em>Radission Blu Latvija<\/em> telp\u0101s.<\/p>\n"}]}]},{"day_name":"2.diena","date":"19.03.2022","session":[{"session_title":"PACIENTU ORGANIZ\u0100CIJAS \u2013 SL\u0112GT\u0100 SESIJA","events":[{"start_time":"09.00","end_time":"10.00","description":"<p>Pacientu NVO iek\u0161\u0113j\u0101 darbak\u0101rt\u012bba.<\/p>\n"},{"start_time":"10.00","end_time":"11.00","description":"<p>Pacientu NVO iek\u0161\u0113j\u0101 darbak\u0101rt\u012bba.<\/p>\n"},{"start_time":"11.00","end_time":"","description":"<p>Nosl\u0113gums<\/p>\n"}]}]}]},"yoast_head":"<!-- This site is optimized with the Yoast SEO plugin v27.4 - https:\/\/yoast.com\/product\/yoast-seo-wordpress\/ -->\n<title>Programma - Cancer Equality<\/title>\n<meta name=\"robots\" content=\"index, follow, max-snippet:-1, max-image-preview:large, max-video-preview:-1\" \/>\n<link rel=\"canonical\" href=\"https:\/\/cancerequality.eu\/lv\/programma\/\" \/>\n<meta property=\"og:locale\" content=\"lv_LV\" \/>\n<meta property=\"og:type\" content=\"article\" \/>\n<meta property=\"og:title\" content=\"Programma - Cancer Equality\" \/>\n<meta property=\"og:url\" content=\"https:\/\/cancerequality.eu\/lv\/programma\/\" \/>\n<meta property=\"og:site_name\" content=\"Cancer Equality\" \/>\n<meta property=\"article:modified_time\" content=\"2022-03-17T19:16:44+00:00\" \/>\n<meta property=\"og:image\" content=\"https:\/\/cancerequality.eu\/wp-content\/uploads\/2022\/01\/onko_fb.jpg\" \/>\n\t<meta property=\"og:image:width\" content=\"1200\" \/>\n\t<meta property=\"og:image:height\" content=\"630\" \/>\n\t<meta property=\"og:image:type\" content=\"image\/jpeg\" \/>\n<meta name=\"twitter:card\" content=\"summary_large_image\" \/>\n<script type=\"application\/ld+json\" class=\"yoast-schema-graph\">{\"@context\":\"https:\\\/\\\/schema.org\",\"@graph\":[{\"@type\":\"WebPage\",\"@id\":\"https:\\\/\\\/cancerequality.eu\\\/lv\\\/programma\\\/\",\"url\":\"https:\\\/\\\/cancerequality.eu\\\/lv\\\/programma\\\/\",\"name\":\"Programma - Cancer Equality\",\"isPartOf\":{\"@id\":\"https:\\\/\\\/cancerequality.eu\\\/lv\\\/#website\"},\"datePublished\":\"2021-12-04T11:21:43+00:00\",\"dateModified\":\"2022-03-17T19:16:44+00:00\",\"breadcrumb\":{\"@id\":\"https:\\\/\\\/cancerequality.eu\\\/lv\\\/programma\\\/#breadcrumb\"},\"inLanguage\":\"lv-LV\",\"potentialAction\":[{\"@type\":\"ReadAction\",\"target\":[[\"https:\\\/\\\/cancerequality.eu\\\/lv\\\/programma\\\/\"]]}]},{\"@type\":\"BreadcrumbList\",\"@id\":\"https:\\\/\\\/cancerequality.eu\\\/lv\\\/programma\\\/#breadcrumb\",\"itemListElement\":[{\"@type\":\"ListItem\",\"position\":1,\"name\":\"Home\",\"item\":\"https:\\\/\\\/cancerequality.eu\\\/lv\\\/\"},{\"@type\":\"ListItem\",\"position\":2,\"name\":\"Programme\"}]},{\"@type\":\"WebSite\",\"@id\":\"https:\\\/\\\/cancerequality.eu\\\/lv\\\/#website\",\"url\":\"https:\\\/\\\/cancerequality.eu\\\/lv\\\/\",\"name\":\"Cancer Equality\",\"description\":\"On Equality in Beating Cancer\",\"publisher\":{\"@id\":\"https:\\\/\\\/cancerequality.eu\\\/lv\\\/#organization\"},\"potentialAction\":[{\"@type\":\"SearchAction\",\"target\":{\"@type\":\"EntryPoint\",\"urlTemplate\":\"https:\\\/\\\/cancerequality.eu\\\/lv\\\/?s={search_term_string}\"},\"query-input\":{\"@type\":\"PropertyValueSpecification\",\"valueRequired\":true,\"valueName\":\"search_term_string\"}}],\"inLanguage\":\"lv-LV\"},{\"@type\":\"Organization\",\"@id\":\"https:\\\/\\\/cancerequality.eu\\\/lv\\\/#organization\",\"name\":\"Cancer Equality\",\"url\":\"https:\\\/\\\/cancerequality.eu\\\/lv\\\/\",\"logo\":{\"@type\":\"ImageObject\",\"inLanguage\":\"lv-LV\",\"@id\":\"https:\\\/\\\/cancerequality.eu\\\/lv\\\/#\\\/schema\\\/logo\\\/image\\\/\",\"url\":\"https:\\\/\\\/cancerequality.eu\\\/wp-content\\\/uploads\\\/2022\\\/01\\\/onko_fb.jpg\",\"contentUrl\":\"https:\\\/\\\/cancerequality.eu\\\/wp-content\\\/uploads\\\/2022\\\/01\\\/onko_fb.jpg\",\"width\":1200,\"height\":630,\"caption\":\"Cancer Equality\"},\"image\":{\"@id\":\"https:\\\/\\\/cancerequality.eu\\\/lv\\\/#\\\/schema\\\/logo\\\/image\\\/\"}}]}<\/script>\n<!-- \/ Yoast SEO plugin. -->","yoast_head_json":{"title":"Programma - Cancer Equality","robots":{"index":"index","follow":"follow","max-snippet":"max-snippet:-1","max-image-preview":"max-image-preview:large","max-video-preview":"max-video-preview:-1"},"canonical":"https:\/\/cancerequality.eu\/lv\/programma\/","og_locale":"lv_LV","og_type":"article","og_title":"Programma - Cancer Equality","og_url":"https:\/\/cancerequality.eu\/lv\/programma\/","og_site_name":"Cancer Equality","article_modified_time":"2022-03-17T19:16:44+00:00","og_image":[{"width":1200,"height":630,"url":"https:\/\/cancerequality.eu\/wp-content\/uploads\/2022\/01\/onko_fb.jpg","type":"image\/jpeg"}],"twitter_card":"summary_large_image","schema":{"@context":"https:\/\/schema.org","@graph":[{"@type":"WebPage","@id":"https:\/\/cancerequality.eu\/lv\/programma\/","url":"https:\/\/cancerequality.eu\/lv\/programma\/","name":"Programma - Cancer Equality","isPartOf":{"@id":"https:\/\/cancerequality.eu\/lv\/#website"},"datePublished":"2021-12-04T11:21:43+00:00","dateModified":"2022-03-17T19:16:44+00:00","breadcrumb":{"@id":"https:\/\/cancerequality.eu\/lv\/programma\/#breadcrumb"},"inLanguage":"lv-LV","potentialAction":[{"@type":"ReadAction","target":[["https:\/\/cancerequality.eu\/lv\/programma\/"]]}]},{"@type":"BreadcrumbList","@id":"https:\/\/cancerequality.eu\/lv\/programma\/#breadcrumb","itemListElement":[{"@type":"ListItem","position":1,"name":"Home","item":"https:\/\/cancerequality.eu\/lv\/"},{"@type":"ListItem","position":2,"name":"Programme"}]},{"@type":"WebSite","@id":"https:\/\/cancerequality.eu\/lv\/#website","url":"https:\/\/cancerequality.eu\/lv\/","name":"Cancer Equality","description":"On Equality in Beating Cancer","publisher":{"@id":"https:\/\/cancerequality.eu\/lv\/#organization"},"potentialAction":[{"@type":"SearchAction","target":{"@type":"EntryPoint","urlTemplate":"https:\/\/cancerequality.eu\/lv\/?s={search_term_string}"},"query-input":{"@type":"PropertyValueSpecification","valueRequired":true,"valueName":"search_term_string"}}],"inLanguage":"lv-LV"},{"@type":"Organization","@id":"https:\/\/cancerequality.eu\/lv\/#organization","name":"Cancer Equality","url":"https:\/\/cancerequality.eu\/lv\/","logo":{"@type":"ImageObject","inLanguage":"lv-LV","@id":"https:\/\/cancerequality.eu\/lv\/#\/schema\/logo\/image\/","url":"https:\/\/cancerequality.eu\/wp-content\/uploads\/2022\/01\/onko_fb.jpg","contentUrl":"https:\/\/cancerequality.eu\/wp-content\/uploads\/2022\/01\/onko_fb.jpg","width":1200,"height":630,"caption":"Cancer Equality"},"image":{"@id":"https:\/\/cancerequality.eu\/lv\/#\/schema\/logo\/image\/"}}]}},"_links":{"self":[{"href":"https:\/\/cancerequality.eu\/lv\/wp-json\/wp\/v2\/pages\/14","targetHints":{"allow":["GET"]}}],"collection":[{"href":"https:\/\/cancerequality.eu\/lv\/wp-json\/wp\/v2\/pages"}],"about":[{"href":"https:\/\/cancerequality.eu\/lv\/wp-json\/wp\/v2\/types\/page"}],"author":[{"embeddable":true,"href":"https:\/\/cancerequality.eu\/lv\/wp-json\/wp\/v2\/users\/1"}],"replies":[{"embeddable":true,"href":"https:\/\/cancerequality.eu\/lv\/wp-json\/wp\/v2\/comments?post=14"}],"version-history":[{"count":64,"href":"https:\/\/cancerequality.eu\/lv\/wp-json\/wp\/v2\/pages\/14\/revisions"}],"predecessor-version":[{"id":451,"href":"https:\/\/cancerequality.eu\/lv\/wp-json\/wp\/v2\/pages\/14\/revisions\/451"}],"wp:attachment":[{"href":"https:\/\/cancerequality.eu\/lv\/wp-json\/wp\/v2\/media?parent=14"}],"curies":[{"name":"wp","href":"https:\/\/api.w.org\/{rel}","templated":true}]}}