{"id":129,"date":"2021-12-09T14:06:08","date_gmt":"2021-12-09T14:06:08","guid":{"rendered":"https:\/\/cancerequality.eu\/?page_id=129"},"modified":"2022-03-10T05:56:07","modified_gmt":"2022-03-10T05:56:07","slug":"participant-organizations","status":"publish","type":"page","link":"https:\/\/cancerequality.eu\/lv\/participant-organizations\/","title":{"rendered":"Dal\u012bbnieku organiz\u0101cijas"},"content":{"rendered":"","protected":false},"excerpt":{"rendered":"","protected":false},"author":1,"featured_media":0,"parent":0,"menu_order":0,"comment_status":"closed","ping_status":"closed","template":"participant_orgs.php","meta":{"inline_featured_image":false,"footnotes":""},"class_list":["post-129","page","type-page","status-publish","hentry"],"acf":{"organizations":[{"title":"The Latvian Association of Oncology Patient Organizations \u201cOncoAlliance\u201d, Latvia","country":"LV","logo":false},{"title":"Lithuanian Cancer Patient Coalition (POLA)","country":"LT","logo":false},{"title":"The Hille T\u00e4navsuu cancer treatment foundation \"The Gift of Life\" (V\u00e4hiravifond Kingitud Elu), Estonia","country":"EE","logo":false},{"title":"The Center for Innovation in Medicine, Romania","country":"RO","logo":false},{"title":"Karkinaki, Greece","country":"GR","logo":false},{"title":"Melanoma Patient Network Europe","country":"SE","logo":"https:\/\/cancerequality.eu\/wp-content\/uploads\/2022\/03\/MPNE.png"},{"title":"Slovenian Association of Patients with Lymphoma and Leukemia","country":"SI","logo":false},{"title":"The Pink Train Foundation, Latvia","country":"LV","logo":false},{"title":"The International Brain Tumour Alliance, United Kingdom","country":"GB","logo":false},{"title":"The European Cancer Organisation","country":"AF","logo":"https:\/\/cancerequality.eu\/wp-content\/uploads\/2022\/03\/European_Cancer_organisation.png"},{"title":"Bulgarian National Patients` Organization, Bulgaria","country":"BG","logo":false},{"title":"Slovenian Lymphoma and Leukemia Patient association, Slovenia","country":"SI","logo":false},{"title":"Myeloma Patients Europe","country":"AF","logo":"https:\/\/cancerequality.eu\/wp-content\/uploads\/2022\/03\/Myloma_Patients_Europe.png"},{"title":"Rakn\u2019 Roll, Poland","country":"PL","logo":false},{"title":"The European Patients\u2019 Forum","country":"AF","logo":"https:\/\/cancerequality.eu\/wp-content\/uploads\/2022\/03\/EPF.jpg"},{"title":"Association of Men helping themselves, Czech Republic","country":"CZ","logo":false},{"title":"Voice of Cancer Patients, Czech Republic","country":"CZ","logo":false},{"title":"Association for help and support of patients and caregivers of Hematology diseases, Macedonia","country":"MK","logo":false},{"title":"Estonian Leukaemia and Lymphoma Patients' Society, Estonia","country":"EE","logo":false},{"title":"Bulgarian Lymphoma Association, Bulgaria","country":"BG","logo":false},{"title":"\"Pokonaj raka\" Foundation, Poland","country":"PL","logo":false},{"title":"Recovering Together Association, Hungary","country":"HU","logo":false},{"title":"Agigma Zois, Greece","country":"GR","logo":false},{"title":"CarciNor, Norway","country":"NO","logo":false},{"title":"Fondation A.R.CA.D, Aide et Recherche en CAnc\u00e9rologie Digestive, France","country":"FR","logo":false},{"title":"Lymphoma Coalition, Spain","country":"ES","logo":false},{"title":"Alliance of women with breast cancer, Czech Republic","country":"CZ","logo":false},{"title":"Hungarian Alliance of Patient Organizations, Hungary","country":"HU","logo":false},{"title":"The Cyprus Association of Cancer Patients and Friends, Cyprus","country":"CY","logo":false},{"title":"Europa Donna, the european breast cancer coalition, Italy","country":"IT","logo":false},{"title":"Association for fight against all types of cancer (BORKA), Macedonia","country":"MK","logo":false},{"title":"N\u00e4tverket mot Cancer, Sweden","country":"SE","logo":false},{"title":"Malta Health Network, Malta","country":"MT","logo":false},{"title":"Genetic and Genomic Counselling Association of Malta","country":"MT","logo":false},{"title":"HungerNdThirst Foundation, The Netherlands","country":"NL","logo":false},{"title":"International charity fund for children suffering from Leukemia, Georgia","country":"GE","logo":false},{"title":"Charity foundation \"Home care foundation\", Lithuania","country":"LT","logo":false},{"title":"Acreditar & Childhood Cancer International Europe, Portugal","country":"PT","logo":false},{"title":"EPF, Belgium","country":"BE","logo":false},{"title":"The Swedish Childhood Cancer Fund, Sweden","country":"SE","logo":false},{"title":"Europacolon, Italy","country":"IT","logo":false},{"title":"Community Health Association Romania","country":"RO","logo":false},{"title":"Organisation \"Storona C\", Latvia","country":"LV","logo":false},{"title":"A future for our children, Bulgaria","country":"BG","logo":false},{"title":"Fundacja Onkologiczna Alivia, Poland","country":"PL","logo":false},{"title":"Fundacja La Cinta, Poland","country":"PL","logo":false},{"title":"Oncologic Patients Support Society \u201cTree of Life\u201d, Latvia","country":"LV","logo":false},{"title":"MT\u00dc Saaremaa V\u00e4hi\u00fching, Estonia","country":"EE","logo":false},{"title":"Hungarian League Against Cancer, Hungary","country":"HU","logo":false},{"title":"HENARAN charitable foundation, Armenia","country":"AM","logo":false},{"title":"Fundacja Urszuli Jaworskiej, Poland","country":"PL","logo":false},{"title":"National Breast Disease Association, Lithuania","country":"LT","logo":false},{"title":"Fundacja dla Dzieci z Chorobami Nowotworowymi \"Krwinka\", Poland","country":"PL","logo":false},{"title":"Recovering Together Association, Hungary","country":"HU","logo":false},{"title":"Stowarzyszenie Kobiet z Problemami Onkologiczno-Ginekologicznymi \"Magnolia\", Poland","country":"PL","logo":false},{"title":"Fundacja Wygrajmy Zdrowie, Poland","country":"PL","logo":false},{"title":"FABC Romania","country":"RO","logo":false},{"title":"Society \u201cPar dz\u012bvot\u201d, Latvia","country":"LV","logo":false},{"title":"Fundacja Carita, Multiple Myeloma Patient Organization, Poland","country":"PL","logo":false},{"title":"Mazowiecki Szpital Wojewodzki Im. \u015aw. Jana Pawla II W Siedlcach Sp. Z o.o., Poland","country":"PL","logo":false},{"title":"Digestive Cancers Europe, Belgium","country":"BE","logo":false},{"title":"Fundacja Onkologiczna Nadzieja, Poland","country":"PL","logo":false},{"title":"Fundacja TO SI\u0118 LECZY, Poland","country":"PL","logo":false},{"title":"International Kidney Cancer Coalition, Finland","country":"FI","logo":false},{"title":"Stowarzyszenie Mezczyzn z Chorobami Prostaty \"GLADIATOR\", Poland","country":"PL","logo":false},{"title":"Europe Donna, Spain","country":"ES","logo":false},{"title":"Fundacja Onkologiczna Rakiety, Poland","country":"PL","logo":false},{"title":"Children's Cancer Relief Foundation, Poland","country":"PL","logo":false}],"text":"<p>Eiropas onkolo\u0123ijas pacientu organiz\u0101ciju kongresa\u00a0<strong>\u201cPar vienl\u012bdz\u012bbu v\u0113\u017ea uzveik\u0161an\u0101\u201d <\/strong>run\u0101t\u0101ji un dal\u012bbnieki p\u0101rst\u0101v sekojo\u0161as organiz\u0101cijas:<\/p>\n"},"yoast_head":"<!-- This site is optimized with the Yoast SEO plugin v27.5 - https:\/\/yoast.com\/product\/yoast-seo-wordpress\/ -->\n<title>Dal\u012bbnieku organiz\u0101cijas - Cancer Equality<\/title>\n<meta name=\"robots\" content=\"index, follow, max-snippet:-1, max-image-preview:large, max-video-preview:-1\" \/>\n<link rel=\"canonical\" href=\"https:\/\/cancerequality.eu\/lv\/participant-organizations\/\" \/>\n<meta property=\"og:locale\" content=\"lv_LV\" \/>\n<meta property=\"og:type\" content=\"article\" \/>\n<meta property=\"og:title\" content=\"Dal\u012bbnieku organiz\u0101cijas - Cancer Equality\" \/>\n<meta property=\"og:url\" content=\"https:\/\/cancerequality.eu\/lv\/participant-organizations\/\" \/>\n<meta property=\"og:site_name\" content=\"Cancer Equality\" \/>\n<meta property=\"article:modified_time\" content=\"2022-03-10T05:56:07+00:00\" \/>\n<meta property=\"og:image\" content=\"https:\/\/cancerequality.eu\/wp-content\/uploads\/2022\/01\/onko_fb.jpg\" \/>\n\t<meta property=\"og:image:width\" content=\"1200\" \/>\n\t<meta property=\"og:image:height\" content=\"630\" \/>\n\t<meta property=\"og:image:type\" content=\"image\/jpeg\" \/>\n<meta name=\"twitter:card\" content=\"summary_large_image\" \/>\n<script type=\"application\/ld+json\" class=\"yoast-schema-graph\">{\"@context\":\"https:\\\/\\\/schema.org\",\"@graph\":[{\"@type\":\"WebPage\",\"@id\":\"https:\\\/\\\/cancerequality.eu\\\/lv\\\/participant-organizations\\\/\",\"url\":\"https:\\\/\\\/cancerequality.eu\\\/lv\\\/participant-organizations\\\/\",\"name\":\"Dal\u012bbnieku organiz\u0101cijas - Cancer Equality\",\"isPartOf\":{\"@id\":\"https:\\\/\\\/cancerequality.eu\\\/lv\\\/#website\"},\"datePublished\":\"2021-12-09T14:06:08+00:00\",\"dateModified\":\"2022-03-10T05:56:07+00:00\",\"breadcrumb\":{\"@id\":\"https:\\\/\\\/cancerequality.eu\\\/lv\\\/participant-organizations\\\/#breadcrumb\"},\"inLanguage\":\"lv-LV\",\"potentialAction\":[{\"@type\":\"ReadAction\",\"target\":[[\"https:\\\/\\\/cancerequality.eu\\\/lv\\\/participant-organizations\\\/\"]]}]},{\"@type\":\"BreadcrumbList\",\"@id\":\"https:\\\/\\\/cancerequality.eu\\\/lv\\\/participant-organizations\\\/#breadcrumb\",\"itemListElement\":[{\"@type\":\"ListItem\",\"position\":1,\"name\":\"Home\",\"item\":\"https:\\\/\\\/cancerequality.eu\\\/lv\\\/\"},{\"@type\":\"ListItem\",\"position\":2,\"name\":\"Participant organizations\"}]},{\"@type\":\"WebSite\",\"@id\":\"https:\\\/\\\/cancerequality.eu\\\/lv\\\/#website\",\"url\":\"https:\\\/\\\/cancerequality.eu\\\/lv\\\/\",\"name\":\"Cancer Equality\",\"description\":\"On Equality in Beating Cancer\",\"publisher\":{\"@id\":\"https:\\\/\\\/cancerequality.eu\\\/lv\\\/#organization\"},\"potentialAction\":[{\"@type\":\"SearchAction\",\"target\":{\"@type\":\"EntryPoint\",\"urlTemplate\":\"https:\\\/\\\/cancerequality.eu\\\/lv\\\/?s={search_term_string}\"},\"query-input\":{\"@type\":\"PropertyValueSpecification\",\"valueRequired\":true,\"valueName\":\"search_term_string\"}}],\"inLanguage\":\"lv-LV\"},{\"@type\":\"Organization\",\"@id\":\"https:\\\/\\\/cancerequality.eu\\\/lv\\\/#organization\",\"name\":\"Cancer Equality\",\"url\":\"https:\\\/\\\/cancerequality.eu\\\/lv\\\/\",\"logo\":{\"@type\":\"ImageObject\",\"inLanguage\":\"lv-LV\",\"@id\":\"https:\\\/\\\/cancerequality.eu\\\/lv\\\/#\\\/schema\\\/logo\\\/image\\\/\",\"url\":\"https:\\\/\\\/cancerequality.eu\\\/wp-content\\\/uploads\\\/2022\\\/01\\\/onko_fb.jpg\",\"contentUrl\":\"https:\\\/\\\/cancerequality.eu\\\/wp-content\\\/uploads\\\/2022\\\/01\\\/onko_fb.jpg\",\"width\":1200,\"height\":630,\"caption\":\"Cancer Equality\"},\"image\":{\"@id\":\"https:\\\/\\\/cancerequality.eu\\\/lv\\\/#\\\/schema\\\/logo\\\/image\\\/\"}}]}<\/script>\n<!-- \/ Yoast SEO plugin. -->","yoast_head_json":{"title":"Dal\u012bbnieku organiz\u0101cijas - Cancer Equality","robots":{"index":"index","follow":"follow","max-snippet":"max-snippet:-1","max-image-preview":"max-image-preview:large","max-video-preview":"max-video-preview:-1"},"canonical":"https:\/\/cancerequality.eu\/lv\/participant-organizations\/","og_locale":"lv_LV","og_type":"article","og_title":"Dal\u012bbnieku organiz\u0101cijas - Cancer Equality","og_url":"https:\/\/cancerequality.eu\/lv\/participant-organizations\/","og_site_name":"Cancer Equality","article_modified_time":"2022-03-10T05:56:07+00:00","og_image":[{"width":1200,"height":630,"url":"https:\/\/cancerequality.eu\/wp-content\/uploads\/2022\/01\/onko_fb.jpg","type":"image\/jpeg"}],"twitter_card":"summary_large_image","schema":{"@context":"https:\/\/schema.org","@graph":[{"@type":"WebPage","@id":"https:\/\/cancerequality.eu\/lv\/participant-organizations\/","url":"https:\/\/cancerequality.eu\/lv\/participant-organizations\/","name":"Dal\u012bbnieku organiz\u0101cijas - Cancer Equality","isPartOf":{"@id":"https:\/\/cancerequality.eu\/lv\/#website"},"datePublished":"2021-12-09T14:06:08+00:00","dateModified":"2022-03-10T05:56:07+00:00","breadcrumb":{"@id":"https:\/\/cancerequality.eu\/lv\/participant-organizations\/#breadcrumb"},"inLanguage":"lv-LV","potentialAction":[{"@type":"ReadAction","target":[["https:\/\/cancerequality.eu\/lv\/participant-organizations\/"]]}]},{"@type":"BreadcrumbList","@id":"https:\/\/cancerequality.eu\/lv\/participant-organizations\/#breadcrumb","itemListElement":[{"@type":"ListItem","position":1,"name":"Home","item":"https:\/\/cancerequality.eu\/lv\/"},{"@type":"ListItem","position":2,"name":"Participant organizations"}]},{"@type":"WebSite","@id":"https:\/\/cancerequality.eu\/lv\/#website","url":"https:\/\/cancerequality.eu\/lv\/","name":"Cancer Equality","description":"On Equality in Beating Cancer","publisher":{"@id":"https:\/\/cancerequality.eu\/lv\/#organization"},"potentialAction":[{"@type":"SearchAction","target":{"@type":"EntryPoint","urlTemplate":"https:\/\/cancerequality.eu\/lv\/?s={search_term_string}"},"query-input":{"@type":"PropertyValueSpecification","valueRequired":true,"valueName":"search_term_string"}}],"inLanguage":"lv-LV"},{"@type":"Organization","@id":"https:\/\/cancerequality.eu\/lv\/#organization","name":"Cancer Equality","url":"https:\/\/cancerequality.eu\/lv\/","logo":{"@type":"ImageObject","inLanguage":"lv-LV","@id":"https:\/\/cancerequality.eu\/lv\/#\/schema\/logo\/image\/","url":"https:\/\/cancerequality.eu\/wp-content\/uploads\/2022\/01\/onko_fb.jpg","contentUrl":"https:\/\/cancerequality.eu\/wp-content\/uploads\/2022\/01\/onko_fb.jpg","width":1200,"height":630,"caption":"Cancer Equality"},"image":{"@id":"https:\/\/cancerequality.eu\/lv\/#\/schema\/logo\/image\/"}}]}},"_links":{"self":[{"href":"https:\/\/cancerequality.eu\/lv\/wp-json\/wp\/v2\/pages\/129","targetHints":{"allow":["GET"]}}],"collection":[{"href":"https:\/\/cancerequality.eu\/lv\/wp-json\/wp\/v2\/pages"}],"about":[{"href":"https:\/\/cancerequality.eu\/lv\/wp-json\/wp\/v2\/types\/page"}],"author":[{"embeddable":true,"href":"https:\/\/cancerequality.eu\/lv\/wp-json\/wp\/v2\/users\/1"}],"replies":[{"embeddable":true,"href":"https:\/\/cancerequality.eu\/lv\/wp-json\/wp\/v2\/comments?post=129"}],"version-history":[{"count":9,"href":"https:\/\/cancerequality.eu\/lv\/wp-json\/wp\/v2\/pages\/129\/revisions"}],"predecessor-version":[{"id":419,"href":"https:\/\/cancerequality.eu\/lv\/wp-json\/wp\/v2\/pages\/129\/revisions\/419"}],"wp:attachment":[{"href":"https:\/\/cancerequality.eu\/lv\/wp-json\/wp\/v2\/media?parent=129"}],"curies":[{"name":"wp","href":"https:\/\/api.w.org\/{rel}","templated":true}]}}