{"id":100,"date":"2021-12-08T20:00:21","date_gmt":"2021-12-08T20:00:21","guid":{"rendered":"https:\/\/cancerequality.eu\/?page_id=100"},"modified":"2025-05-26T19:05:18","modified_gmt":"2025-05-26T19:05:18","slug":"sponsors","status":"publish","type":"page","link":"https:\/\/cancerequality.eu\/lv\/sponsors\/","title":{"rendered":"Atbalst\u012bt\u0101ji"},"content":{"rendered":"","protected":false},"excerpt":{"rendered":"","protected":false},"author":1,"featured_media":0,"parent":0,"menu_order":0,"comment_status":"closed","ping_status":"closed","template":"sponsors.php","meta":{"inline_featured_image":false,"footnotes":""},"class_list":["post-100","page","type-page","status-publish","hentry"],"acf":{"sponsors":[{"logo":"https:\/\/cancerequality.eu\/wp-content\/uploads\/2025\/03\/BRAL.png","url":"https:\/\/bral.lv\/","title":"BRAL","class":""},{"logo":"https:\/\/cancerequality.eu\/wp-content\/uploads\/2022\/01\/Novartis_Logo-1.png","url":"https:\/\/www.novartis.com\/","title":"Novartis","class":""},{"logo":"https:\/\/cancerequality.eu\/wp-content\/uploads\/2022\/01\/Astra_zeneca.jpg","url":"https:\/\/www.astrazeneca.com\/","title":"AstraZeneca","class":"astrazeneca"},{"logo":"https:\/\/cancerequality.eu\/wp-content\/uploads\/2021\/12\/Bayer-Logo.wine_.png","url":"https:\/\/www.bayer.com\/en\/","title":"Bayer","class":""}],"sponsors_large":[{"logo":"https:\/\/cancerequality.eu\/wp-content\/uploads\/2021\/12\/AbbVieLogo_original.png","url":"https:\/\/www.abbvie.com\/","title":"AbbVie","class":""}],"sponsors_small":[{"logo":"https:\/\/cancerequality.eu\/wp-content\/uploads\/2025\/05\/medison.png","url":"https:\/\/www.medisonpharma.com\/","title":"Medison","class":""},{"logo":"https:\/\/cancerequality.eu\/wp-content\/uploads\/2025\/05\/immunocore.png","url":"Immunocore","title":"https:\/\/www.immunocore.com\/","class":""}],"sponsors_xl":[{"logo":"https:\/\/cancerequality.eu\/wp-content\/uploads\/2022\/01\/MSD_logo.png","url":"https:\/\/www.msd.lv\/","title":"MSD Latvia","class":""}],"supporters":false,"supporters_title":"INFORMAT\u012aVIE ATBAST\u012aT\u0100JI","text_under_logos":"Kongresa R\u012bc\u012bbas komiteja ir piln\u012bb\u0101 atbild\u012bga par t\u0101 saturu, un t\u0101s darb\u012bba nav sponsoru ietekm\u0113ta."},"yoast_head":"<!-- This site is optimized with the Yoast SEO plugin v27.4 - https:\/\/yoast.com\/product\/yoast-seo-wordpress\/ -->\n<title>Atbalst\u012bt\u0101ji - Cancer Equality<\/title>\n<meta name=\"robots\" content=\"index, follow, max-snippet:-1, max-image-preview:large, max-video-preview:-1\" \/>\n<link rel=\"canonical\" href=\"https:\/\/cancerequality.eu\/lv\/sponsors\/\" \/>\n<meta property=\"og:locale\" content=\"lv_LV\" \/>\n<meta property=\"og:type\" content=\"article\" \/>\n<meta property=\"og:title\" content=\"Atbalst\u012bt\u0101ji - Cancer Equality\" \/>\n<meta property=\"og:url\" content=\"https:\/\/cancerequality.eu\/lv\/sponsors\/\" \/>\n<meta property=\"og:site_name\" content=\"Cancer Equality\" \/>\n<meta property=\"article:modified_time\" content=\"2025-05-26T19:05:18+00:00\" \/>\n<meta property=\"og:image\" content=\"https:\/\/cancerequality.eu\/wp-content\/uploads\/2022\/01\/onko_fb.jpg\" \/>\n\t<meta property=\"og:image:width\" content=\"1200\" \/>\n\t<meta property=\"og:image:height\" content=\"630\" \/>\n\t<meta property=\"og:image:type\" content=\"image\/jpeg\" \/>\n<meta name=\"twitter:card\" content=\"summary_large_image\" \/>\n<script type=\"application\/ld+json\" class=\"yoast-schema-graph\">{\"@context\":\"https:\\\/\\\/schema.org\",\"@graph\":[{\"@type\":\"WebPage\",\"@id\":\"https:\\\/\\\/cancerequality.eu\\\/lv\\\/sponsors\\\/\",\"url\":\"https:\\\/\\\/cancerequality.eu\\\/lv\\\/sponsors\\\/\",\"name\":\"Atbalst\u012bt\u0101ji - Cancer Equality\",\"isPartOf\":{\"@id\":\"https:\\\/\\\/cancerequality.eu\\\/lv\\\/#website\"},\"datePublished\":\"2021-12-08T20:00:21+00:00\",\"dateModified\":\"2025-05-26T19:05:18+00:00\",\"breadcrumb\":{\"@id\":\"https:\\\/\\\/cancerequality.eu\\\/lv\\\/sponsors\\\/#breadcrumb\"},\"inLanguage\":\"lv-LV\",\"potentialAction\":[{\"@type\":\"ReadAction\",\"target\":[[\"https:\\\/\\\/cancerequality.eu\\\/lv\\\/sponsors\\\/\"]]}]},{\"@type\":\"BreadcrumbList\",\"@id\":\"https:\\\/\\\/cancerequality.eu\\\/lv\\\/sponsors\\\/#breadcrumb\",\"itemListElement\":[{\"@type\":\"ListItem\",\"position\":1,\"name\":\"Home\",\"item\":\"https:\\\/\\\/cancerequality.eu\\\/lv\\\/\"},{\"@type\":\"ListItem\",\"position\":2,\"name\":\"Atbalst\u012bt\u0101ji\"}]},{\"@type\":\"WebSite\",\"@id\":\"https:\\\/\\\/cancerequality.eu\\\/lv\\\/#website\",\"url\":\"https:\\\/\\\/cancerequality.eu\\\/lv\\\/\",\"name\":\"Cancer Equality\",\"description\":\"On Equality in Beating Cancer\",\"publisher\":{\"@id\":\"https:\\\/\\\/cancerequality.eu\\\/lv\\\/#organization\"},\"potentialAction\":[{\"@type\":\"SearchAction\",\"target\":{\"@type\":\"EntryPoint\",\"urlTemplate\":\"https:\\\/\\\/cancerequality.eu\\\/lv\\\/?s={search_term_string}\"},\"query-input\":{\"@type\":\"PropertyValueSpecification\",\"valueRequired\":true,\"valueName\":\"search_term_string\"}}],\"inLanguage\":\"lv-LV\"},{\"@type\":\"Organization\",\"@id\":\"https:\\\/\\\/cancerequality.eu\\\/lv\\\/#organization\",\"name\":\"Cancer Equality\",\"url\":\"https:\\\/\\\/cancerequality.eu\\\/lv\\\/\",\"logo\":{\"@type\":\"ImageObject\",\"inLanguage\":\"lv-LV\",\"@id\":\"https:\\\/\\\/cancerequality.eu\\\/lv\\\/#\\\/schema\\\/logo\\\/image\\\/\",\"url\":\"https:\\\/\\\/cancerequality.eu\\\/wp-content\\\/uploads\\\/2022\\\/01\\\/onko_fb.jpg\",\"contentUrl\":\"https:\\\/\\\/cancerequality.eu\\\/wp-content\\\/uploads\\\/2022\\\/01\\\/onko_fb.jpg\",\"width\":1200,\"height\":630,\"caption\":\"Cancer Equality\"},\"image\":{\"@id\":\"https:\\\/\\\/cancerequality.eu\\\/lv\\\/#\\\/schema\\\/logo\\\/image\\\/\"}}]}<\/script>\n<!-- \/ Yoast SEO plugin. -->","yoast_head_json":{"title":"Atbalst\u012bt\u0101ji - Cancer Equality","robots":{"index":"index","follow":"follow","max-snippet":"max-snippet:-1","max-image-preview":"max-image-preview:large","max-video-preview":"max-video-preview:-1"},"canonical":"https:\/\/cancerequality.eu\/lv\/sponsors\/","og_locale":"lv_LV","og_type":"article","og_title":"Atbalst\u012bt\u0101ji - Cancer Equality","og_url":"https:\/\/cancerequality.eu\/lv\/sponsors\/","og_site_name":"Cancer Equality","article_modified_time":"2025-05-26T19:05:18+00:00","og_image":[{"width":1200,"height":630,"url":"https:\/\/cancerequality.eu\/wp-content\/uploads\/2022\/01\/onko_fb.jpg","type":"image\/jpeg"}],"twitter_card":"summary_large_image","schema":{"@context":"https:\/\/schema.org","@graph":[{"@type":"WebPage","@id":"https:\/\/cancerequality.eu\/lv\/sponsors\/","url":"https:\/\/cancerequality.eu\/lv\/sponsors\/","name":"Atbalst\u012bt\u0101ji - Cancer Equality","isPartOf":{"@id":"https:\/\/cancerequality.eu\/lv\/#website"},"datePublished":"2021-12-08T20:00:21+00:00","dateModified":"2025-05-26T19:05:18+00:00","breadcrumb":{"@id":"https:\/\/cancerequality.eu\/lv\/sponsors\/#breadcrumb"},"inLanguage":"lv-LV","potentialAction":[{"@type":"ReadAction","target":[["https:\/\/cancerequality.eu\/lv\/sponsors\/"]]}]},{"@type":"BreadcrumbList","@id":"https:\/\/cancerequality.eu\/lv\/sponsors\/#breadcrumb","itemListElement":[{"@type":"ListItem","position":1,"name":"Home","item":"https:\/\/cancerequality.eu\/lv\/"},{"@type":"ListItem","position":2,"name":"Atbalst\u012bt\u0101ji"}]},{"@type":"WebSite","@id":"https:\/\/cancerequality.eu\/lv\/#website","url":"https:\/\/cancerequality.eu\/lv\/","name":"Cancer Equality","description":"On Equality in Beating Cancer","publisher":{"@id":"https:\/\/cancerequality.eu\/lv\/#organization"},"potentialAction":[{"@type":"SearchAction","target":{"@type":"EntryPoint","urlTemplate":"https:\/\/cancerequality.eu\/lv\/?s={search_term_string}"},"query-input":{"@type":"PropertyValueSpecification","valueRequired":true,"valueName":"search_term_string"}}],"inLanguage":"lv-LV"},{"@type":"Organization","@id":"https:\/\/cancerequality.eu\/lv\/#organization","name":"Cancer Equality","url":"https:\/\/cancerequality.eu\/lv\/","logo":{"@type":"ImageObject","inLanguage":"lv-LV","@id":"https:\/\/cancerequality.eu\/lv\/#\/schema\/logo\/image\/","url":"https:\/\/cancerequality.eu\/wp-content\/uploads\/2022\/01\/onko_fb.jpg","contentUrl":"https:\/\/cancerequality.eu\/wp-content\/uploads\/2022\/01\/onko_fb.jpg","width":1200,"height":630,"caption":"Cancer Equality"},"image":{"@id":"https:\/\/cancerequality.eu\/lv\/#\/schema\/logo\/image\/"}}]}},"_links":{"self":[{"href":"https:\/\/cancerequality.eu\/lv\/wp-json\/wp\/v2\/pages\/100","targetHints":{"allow":["GET"]}}],"collection":[{"href":"https:\/\/cancerequality.eu\/lv\/wp-json\/wp\/v2\/pages"}],"about":[{"href":"https:\/\/cancerequality.eu\/lv\/wp-json\/wp\/v2\/types\/page"}],"author":[{"embeddable":true,"href":"https:\/\/cancerequality.eu\/lv\/wp-json\/wp\/v2\/users\/1"}],"replies":[{"embeddable":true,"href":"https:\/\/cancerequality.eu\/lv\/wp-json\/wp\/v2\/comments?post=100"}],"version-history":[{"count":31,"href":"https:\/\/cancerequality.eu\/lv\/wp-json\/wp\/v2\/pages\/100\/revisions"}],"predecessor-version":[{"id":932,"href":"https:\/\/cancerequality.eu\/lv\/wp-json\/wp\/v2\/pages\/100\/revisions\/932"}],"wp:attachment":[{"href":"https:\/\/cancerequality.eu\/lv\/wp-json\/wp\/v2\/media?parent=100"}],"curies":[{"name":"wp","href":"https:\/\/api.w.org\/{rel}","templated":true}]}}