{"id":10,"date":"2021-12-04T11:17:22","date_gmt":"2021-12-04T11:17:22","guid":{"rendered":"https:\/\/cancerequality.eu\/?page_id=10"},"modified":"2022-01-27T07:49:17","modified_gmt":"2022-01-27T07:49:17","slug":"home","status":"publish","type":"page","link":"https:\/\/cancerequality.eu\/lv\/","title":{"rendered":"S\u0101kums"},"content":{"rendered":"<p>\u201cMedic\u012bnas progress v\u0113zi \u0161odien arvien bie\u017e\u0101k \u013cauj saukt par hronisku slim\u012bbu ar garu dz\u012bvildzi, kas ir lieliska un cer\u012bga zi\u0146a. Ta\u010du, neraugoties uz to, da\u013c\u0101 Eiropas Savien\u012bbas valstu mums, pacientiem ar diagnozi &#8220;v\u0113zis&#8221;, izredzes izdz\u012bvot ir tikpat neparedzamas neprognoz\u0113jamas, k\u0101 loterij\u0101 laim\u0113t miljonu.<\/p>\n<p>Nedr\u012bkst b\u016bt t\u0101, ka Austrumeiropas un Centr\u0101leiropas valst\u012bs cilv\u0113ki baid\u0101s saslimt un nomirt no &#8220;nepareiz\u0101 v\u0113\u017ea&#8221;. Baid\u0101s, jo nav savlaic\u012bgas diagnostikas, tr\u016bkst zino\u0161u speci\u0101listu un valsts apmaks\u0101tu jaun\u0101ko z\u0101\u013cu, kam\u0113r Rietumeirop\u0101 \u0161os v\u0113\u017ea veidus sekm\u012bgi \u0101rst\u0113 un pacienti dz\u012bvo daudzus gadus.<\/p>\n<p>M\u0113s, v\u0113\u017ea pacienti, vairs negribam samierin\u0101ties ar ilgsto\u0161o nevienl\u012bdz\u012bbu v\u0113\u017ea \u0101rst\u0113\u0161an\u0101. T\u0101p\u0113c v\u0113lamies kop\u0101 ar politikas veidot\u0101jiem celt gaism\u0101 probl\u0113mas un kop\u012bgi rast efekt\u012bvus risin\u0101jumus, lai \u0161ai nevienl\u012bdz\u012bbai un netaisn\u012bbai pieliktu punktu.\u201d<\/p>\n<p><em>Olga Valci\u0146a, Latvijas onkolo\u0123ijas pacientu organiz\u0101ciju apvien\u012bbas \u201cOnkoalianse\u201d valdes locekle<\/em><\/p>","protected":false},"excerpt":{"rendered":"<p>\u201cMedic\u012bnas progress v\u0113zi \u0161odien arvien bie\u017e\u0101k \u013cauj saukt par hronisku slim\u012bbu ar garu dz\u012bvildzi, kas ir lieliska un cer\u012bga zi\u0146a. Ta\u010du, neraugoties uz to, da\u013c\u0101 Eiropas Savien\u012bbas valstu mums, pacientiem ar diagnozi &#8220;v\u0113zis&#8221;, izredzes izdz\u012bvot ir tikpat neparedzamas neprognoz\u0113jamas, k\u0101 loterij\u0101 laim\u0113t miljonu. Nedr\u012bkst b\u016bt t\u0101, ka Austrumeiropas un Centr\u0101leiropas valst\u012bs cilv\u0113ki baid\u0101s saslimt un [&hellip;]<\/p>\n","protected":false},"author":1,"featured_media":236,"parent":0,"menu_order":0,"comment_status":"closed","ping_status":"closed","template":"frontpage.php","meta":{"inline_featured_image":false,"footnotes":""},"class_list":["post-10","page","type-page","status-publish","has-post-thumbnail","hentry"],"acf":[],"yoast_head":"<!-- This site is optimized with the Yoast SEO plugin v27.6 - https:\/\/yoast.com\/product\/yoast-seo-wordpress\/ -->\n<title>S\u0101kums - Cancer Equality<\/title>\n<meta name=\"description\" content=\"Cancer Equality - European Oncology Patient Congress \u201cOn Equality in Beating Cancer\u201d\" \/>\n<meta name=\"robots\" content=\"index, follow, max-snippet:-1, max-image-preview:large, max-video-preview:-1\" \/>\n<link rel=\"canonical\" href=\"https:\/\/cancerequality.eu\/lv\/\" \/>\n<meta property=\"og:locale\" content=\"lv_LV\" \/>\n<meta property=\"og:type\" content=\"article\" \/>\n<meta property=\"og:title\" content=\"S\u0101kums - Cancer Equality\" \/>\n<meta property=\"og:description\" content=\"Cancer Equality - European Oncology Patient Congress \u201cOn Equality in Beating Cancer\u201d\" \/>\n<meta property=\"og:url\" content=\"https:\/\/cancerequality.eu\/lv\/\" \/>\n<meta property=\"og:site_name\" content=\"Cancer Equality\" \/>\n<meta property=\"article:modified_time\" content=\"2022-01-27T07:49:17+00:00\" \/>\n<meta property=\"og:image\" content=\"https:\/\/cancerequality.eu\/wp-content\/uploads\/2022\/01\/onko_fb.jpg\" \/>\n\t<meta property=\"og:image:width\" content=\"1200\" \/>\n\t<meta property=\"og:image:height\" content=\"630\" \/>\n\t<meta property=\"og:image:type\" content=\"image\/jpeg\" \/>\n<meta name=\"twitter:card\" content=\"summary_large_image\" \/>\n<meta name=\"twitter:label1\" content=\"Est. reading time\" \/>\n\t<meta name=\"twitter:data1\" content=\"2 minutes\" \/>\n<script type=\"application\/ld+json\" class=\"yoast-schema-graph\">{\"@context\":\"https:\\\/\\\/schema.org\",\"@graph\":[{\"@type\":\"WebPage\",\"@id\":\"https:\\\/\\\/cancerequality.eu\\\/lv\\\/\",\"url\":\"https:\\\/\\\/cancerequality.eu\\\/lv\\\/\",\"name\":\"S\u0101kums - Cancer Equality\",\"isPartOf\":{\"@id\":\"https:\\\/\\\/cancerequality.eu\\\/lv\\\/#website\"},\"primaryImageOfPage\":{\"@id\":\"https:\\\/\\\/cancerequality.eu\\\/lv\\\/#primaryimage\"},\"image\":{\"@id\":\"https:\\\/\\\/cancerequality.eu\\\/#primaryimage\"},\"thumbnailUrl\":\"https:\\\/\\\/cancerequality.eu\\\/wp-content\\\/uploads\\\/2022\\\/01\\\/onko_fb.jpg\",\"datePublished\":\"2021-12-04T11:17:22+00:00\",\"dateModified\":\"2022-01-27T07:49:17+00:00\",\"description\":\"Cancer Equality - European Oncology Patient Congress \u201cOn Equality in Beating Cancer\u201d\",\"breadcrumb\":{\"@id\":\"https:\\\/\\\/cancerequality.eu\\\/lv\\\/#breadcrumb\"},\"inLanguage\":\"lv-LV\",\"potentialAction\":[{\"@type\":\"ReadAction\",\"target\":[[\"https:\\\/\\\/cancerequality.eu\\\/lv\\\/\"]]}]},{\"@type\":\"ImageObject\",\"inLanguage\":\"lv-LV\",\"@id\":\"https:\\\/\\\/cancerequality.eu\\\/lv\\\/#primaryimage\",\"url\":\"https:\\\/\\\/cancerequality.eu\\\/wp-content\\\/uploads\\\/2022\\\/01\\\/onko_fb.jpg\",\"contentUrl\":\"https:\\\/\\\/cancerequality.eu\\\/wp-content\\\/uploads\\\/2022\\\/01\\\/onko_fb.jpg\",\"width\":1200,\"height\":630},{\"@type\":\"BreadcrumbList\",\"@id\":\"https:\\\/\\\/cancerequality.eu\\\/lv\\\/#breadcrumb\",\"itemListElement\":[{\"@type\":\"ListItem\",\"position\":1,\"name\":\"Home\",\"item\":\"https:\\\/\\\/cancerequality.eu\\\/lv\\\/\"},{\"@type\":\"ListItem\",\"position\":2,\"name\":\"Home\"}]},{\"@type\":\"WebSite\",\"@id\":\"https:\\\/\\\/cancerequality.eu\\\/lv\\\/#website\",\"url\":\"https:\\\/\\\/cancerequality.eu\\\/lv\\\/\",\"name\":\"Cancer Equality\",\"description\":\"On Equality in Beating Cancer\",\"publisher\":{\"@id\":\"https:\\\/\\\/cancerequality.eu\\\/lv\\\/#organization\"},\"potentialAction\":[{\"@type\":\"SearchAction\",\"target\":{\"@type\":\"EntryPoint\",\"urlTemplate\":\"https:\\\/\\\/cancerequality.eu\\\/lv\\\/?s={search_term_string}\"},\"query-input\":{\"@type\":\"PropertyValueSpecification\",\"valueRequired\":true,\"valueName\":\"search_term_string\"}}],\"inLanguage\":\"lv-LV\"},{\"@type\":\"Organization\",\"@id\":\"https:\\\/\\\/cancerequality.eu\\\/lv\\\/#organization\",\"name\":\"Cancer Equality\",\"url\":\"https:\\\/\\\/cancerequality.eu\\\/lv\\\/\",\"logo\":{\"@type\":\"ImageObject\",\"inLanguage\":\"lv-LV\",\"@id\":\"https:\\\/\\\/cancerequality.eu\\\/lv\\\/#\\\/schema\\\/logo\\\/image\\\/\",\"url\":\"https:\\\/\\\/cancerequality.eu\\\/wp-content\\\/uploads\\\/2022\\\/01\\\/onko_fb.jpg\",\"contentUrl\":\"https:\\\/\\\/cancerequality.eu\\\/wp-content\\\/uploads\\\/2022\\\/01\\\/onko_fb.jpg\",\"width\":1200,\"height\":630,\"caption\":\"Cancer Equality\"},\"image\":{\"@id\":\"https:\\\/\\\/cancerequality.eu\\\/lv\\\/#\\\/schema\\\/logo\\\/image\\\/\"}}]}<\/script>\n<!-- \/ Yoast SEO plugin. -->","yoast_head_json":{"title":"S\u0101kums - Cancer Equality","description":"Cancer Equality - European Oncology Patient Congress \u201cOn Equality in Beating Cancer\u201d","robots":{"index":"index","follow":"follow","max-snippet":"max-snippet:-1","max-image-preview":"max-image-preview:large","max-video-preview":"max-video-preview:-1"},"canonical":"https:\/\/cancerequality.eu\/lv\/","og_locale":"lv_LV","og_type":"article","og_title":"S\u0101kums - Cancer Equality","og_description":"Cancer Equality - European Oncology Patient Congress \u201cOn Equality in Beating Cancer\u201d","og_url":"https:\/\/cancerequality.eu\/lv\/","og_site_name":"Cancer Equality","article_modified_time":"2022-01-27T07:49:17+00:00","og_image":[{"width":1200,"height":630,"url":"https:\/\/cancerequality.eu\/wp-content\/uploads\/2022\/01\/onko_fb.jpg","type":"image\/jpeg"}],"twitter_card":"summary_large_image","twitter_misc":{"Est. reading time":"2 minutes"},"schema":{"@context":"https:\/\/schema.org","@graph":[{"@type":"WebPage","@id":"https:\/\/cancerequality.eu\/lv\/","url":"https:\/\/cancerequality.eu\/lv\/","name":"S\u0101kums - Cancer Equality","isPartOf":{"@id":"https:\/\/cancerequality.eu\/lv\/#website"},"primaryImageOfPage":{"@id":"https:\/\/cancerequality.eu\/lv\/#primaryimage"},"image":{"@id":"https:\/\/cancerequality.eu\/#primaryimage"},"thumbnailUrl":"https:\/\/cancerequality.eu\/wp-content\/uploads\/2022\/01\/onko_fb.jpg","datePublished":"2021-12-04T11:17:22+00:00","dateModified":"2022-01-27T07:49:17+00:00","description":"Cancer Equality - European Oncology Patient Congress \u201cOn Equality in Beating Cancer\u201d","breadcrumb":{"@id":"https:\/\/cancerequality.eu\/lv\/#breadcrumb"},"inLanguage":"lv-LV","potentialAction":[{"@type":"ReadAction","target":[["https:\/\/cancerequality.eu\/lv\/"]]}]},{"@type":"ImageObject","inLanguage":"lv-LV","@id":"https:\/\/cancerequality.eu\/lv\/#primaryimage","url":"https:\/\/cancerequality.eu\/wp-content\/uploads\/2022\/01\/onko_fb.jpg","contentUrl":"https:\/\/cancerequality.eu\/wp-content\/uploads\/2022\/01\/onko_fb.jpg","width":1200,"height":630},{"@type":"BreadcrumbList","@id":"https:\/\/cancerequality.eu\/lv\/#breadcrumb","itemListElement":[{"@type":"ListItem","position":1,"name":"Home","item":"https:\/\/cancerequality.eu\/lv\/"},{"@type":"ListItem","position":2,"name":"Home"}]},{"@type":"WebSite","@id":"https:\/\/cancerequality.eu\/lv\/#website","url":"https:\/\/cancerequality.eu\/lv\/","name":"Cancer Equality","description":"On Equality in Beating Cancer","publisher":{"@id":"https:\/\/cancerequality.eu\/lv\/#organization"},"potentialAction":[{"@type":"SearchAction","target":{"@type":"EntryPoint","urlTemplate":"https:\/\/cancerequality.eu\/lv\/?s={search_term_string}"},"query-input":{"@type":"PropertyValueSpecification","valueRequired":true,"valueName":"search_term_string"}}],"inLanguage":"lv-LV"},{"@type":"Organization","@id":"https:\/\/cancerequality.eu\/lv\/#organization","name":"Cancer Equality","url":"https:\/\/cancerequality.eu\/lv\/","logo":{"@type":"ImageObject","inLanguage":"lv-LV","@id":"https:\/\/cancerequality.eu\/lv\/#\/schema\/logo\/image\/","url":"https:\/\/cancerequality.eu\/wp-content\/uploads\/2022\/01\/onko_fb.jpg","contentUrl":"https:\/\/cancerequality.eu\/wp-content\/uploads\/2022\/01\/onko_fb.jpg","width":1200,"height":630,"caption":"Cancer Equality"},"image":{"@id":"https:\/\/cancerequality.eu\/lv\/#\/schema\/logo\/image\/"}}]}},"_links":{"self":[{"href":"https:\/\/cancerequality.eu\/lv\/wp-json\/wp\/v2\/pages\/10","targetHints":{"allow":["GET"]}}],"collection":[{"href":"https:\/\/cancerequality.eu\/lv\/wp-json\/wp\/v2\/pages"}],"about":[{"href":"https:\/\/cancerequality.eu\/lv\/wp-json\/wp\/v2\/types\/page"}],"author":[{"embeddable":true,"href":"https:\/\/cancerequality.eu\/lv\/wp-json\/wp\/v2\/users\/1"}],"replies":[{"embeddable":true,"href":"https:\/\/cancerequality.eu\/lv\/wp-json\/wp\/v2\/comments?post=10"}],"version-history":[{"count":2,"href":"https:\/\/cancerequality.eu\/lv\/wp-json\/wp\/v2\/pages\/10\/revisions"}],"predecessor-version":[{"id":307,"href":"https:\/\/cancerequality.eu\/lv\/wp-json\/wp\/v2\/pages\/10\/revisions\/307"}],"wp:featuredmedia":[{"embeddable":true,"href":"https:\/\/cancerequality.eu\/lv\/wp-json\/wp\/v2\/media\/236"}],"wp:attachment":[{"href":"https:\/\/cancerequality.eu\/lv\/wp-json\/wp\/v2\/media?parent=10"}],"curies":[{"name":"wp","href":"https:\/\/api.w.org\/{rel}","templated":true}]}}