{"id":699,"date":"2025-03-19T21:04:44","date_gmt":"2025-03-19T21:04:44","guid":{"rendered":"https:\/\/cancerequality.eu\/?page_id=699"},"modified":"2025-03-31T13:23:40","modified_gmt":"2025-03-31T13:23:40","slug":"participant-organizations-2025","status":"publish","type":"page","link":"https:\/\/cancerequality.eu\/en\/participant-organizations-2025\/","title":{"rendered":"Participant organizations"},"content":{"rendered":"","protected":false},"excerpt":{"rendered":"","protected":false},"author":1,"featured_media":0,"parent":0,"menu_order":0,"comment_status":"closed","ping_status":"closed","template":"participant_orgs.php","meta":{"inline_featured_image":false,"footnotes":""},"class_list":["post-699","page","type-page","status-publish","hentry"],"acf":{"organizations":[{"title":"The Latvian Association of Oncology Patient Organizations \u201cOncoAlliance\u201d, Latvia","country":"LV","logo":false},{"title":"Lithuanian Cancer Patient Coalition (POLA)","country":"LT","logo":false},{"title":"Rakn\u2019 Roll Foundation, Poland","country":"PL","logo":false},{"title":"Romanian National Coalition of Chronic Disease Patient Organisations (COPAC), Romania","country":"RO","logo":false},{"title":"Bulgarian Lymphoma Patients Association, Bulgaria","country":"BG","logo":false},{"title":"Cancer Patients Voice of Czech Republic, Czech Republic","country":"CZ","logo":false},{"title":"Panhellenic Heart Disease Association, Greece","country":"GR","logo":false},{"title":"Genetic and Genomic Counselling Association of Malta, Malta","country":"MT","logo":false},{"title":"Malta Community Chest Fund Foundation, Malta","country":"MT","logo":false},{"title":"HungerNdThirst Foundation, Netherlands","country":"NL","logo":false},{"title":"CarciNor, Norway","country":"NO","logo":false},{"title":"Norlico, Norway","country":"NO","logo":false},{"title":"Lymphoma Patient Association LIPA, Serbia","country":"RS","logo":false},{"title":"Brainstrust, United Kingdom","country":"GB","logo":false},{"title":"Salivary Gland Cancer UK, United Kingdom","country":"GB","logo":false},{"title":"Independent Cancer Patients' Voice, United Kingdom","country":"GB","logo":false},{"title":"Independent Cancer Patients' Voice, Northern Ireland","country":"IE","logo":false},{"title":"Pancyprian Association of Cancer Patients and Friends, Cyprus","country":"CY","logo":false},{"title":"Association of Cancer Patients K.E.F.I. of ATHENS, Greece","country":"GR","logo":false},{"title":"MT\u00dc Saaremaa V\u00e4hi\u00fching, Estonia","country":"EE","logo":false},{"title":"Estonian Cancer Network (ESTCAN), Estonia","country":"EE","logo":false},{"title":"The Pink Train Foundation, Latvia","country":"LV","logo":false},{"title":"Society \u201cPar dz\u012bvot\u201d, Latvia","country":"LV","logo":false},{"title":"Melanoma Patient Support Society \u201cSoli Priek\u0161\u0101 Melanomai\u201d, Latvia","country":"LV","logo":false},{"title":"Women Volunteers Association \"Vita\", Latvia","country":"LV","logo":false},{"title":"Bowel Cancer Patients' Association \u201cEuropaColon Latvija\u201d, Latvia","country":"LV","logo":false},{"title":"Men's Health Movement - Movember Latvia","country":"LV","logo":false},{"title":"Lung Cancer Patients and Relatives Association, Latvia","country":"LV","logo":false},{"title":"Alliance for Men's Health \"Different Generations for Life\", Latvia","country":"LV","logo":false},{"title":"European Cancer Organization","country":"IT","logo":"https:\/\/cancerequality.eu\/wp-content\/uploads\/2022\/03\/European_Cancer_organisation.png"},{"title":"Initiative \u201cEnding Discrimination Against Cancer Survivors\u201d","country":"MK","logo":"https:\/\/cancerequality.eu\/wp-content\/uploads\/2025\/03\/Iniciativa_ending1.png"}],"text":"<h4>Speakers and participants of the European Oncology Patient Congress\u00a0<strong>\u201cOn Equality in Beating Cancer\u201d<\/strong>\u00a0represent the following organisations:<\/h4>\n<p>&nbsp;<\/p>\n"},"yoast_head":"<!-- This site is optimized with the Yoast SEO plugin v27.5 - https:\/\/yoast.com\/product\/yoast-seo-wordpress\/ -->\n<title>Participant organizations - Cancer Equality<\/title>\n<meta name=\"robots\" content=\"index, follow, max-snippet:-1, max-image-preview:large, max-video-preview:-1\" \/>\n<link rel=\"canonical\" href=\"https:\/\/cancerequality.eu\/en\/participant-organizations-2025\/\" \/>\n<meta property=\"og:locale\" content=\"en_US\" \/>\n<meta property=\"og:type\" content=\"article\" \/>\n<meta property=\"og:title\" content=\"Participant organizations - Cancer Equality\" \/>\n<meta property=\"og:url\" content=\"https:\/\/cancerequality.eu\/en\/participant-organizations-2025\/\" \/>\n<meta property=\"og:site_name\" content=\"Cancer Equality\" \/>\n<meta property=\"article:modified_time\" content=\"2025-03-31T13:23:40+00:00\" \/>\n<meta property=\"og:image\" content=\"https:\/\/cancerequality.eu\/wp-content\/uploads\/2022\/01\/onko_fb.jpg\" \/>\n\t<meta property=\"og:image:width\" content=\"1200\" \/>\n\t<meta property=\"og:image:height\" content=\"630\" \/>\n\t<meta property=\"og:image:type\" content=\"image\/jpeg\" \/>\n<meta name=\"twitter:card\" content=\"summary_large_image\" \/>\n<script type=\"application\/ld+json\" class=\"yoast-schema-graph\">{\"@context\":\"https:\\\/\\\/schema.org\",\"@graph\":[{\"@type\":\"WebPage\",\"@id\":\"https:\\\/\\\/cancerequality.eu\\\/en\\\/participant-organizations-2025\\\/\",\"url\":\"https:\\\/\\\/cancerequality.eu\\\/en\\\/participant-organizations-2025\\\/\",\"name\":\"Participant organizations - Cancer Equality\",\"isPartOf\":{\"@id\":\"https:\\\/\\\/cancerequality.eu\\\/en\\\/#website\"},\"datePublished\":\"2025-03-19T21:04:44+00:00\",\"dateModified\":\"2025-03-31T13:23:40+00:00\",\"breadcrumb\":{\"@id\":\"https:\\\/\\\/cancerequality.eu\\\/en\\\/participant-organizations-2025\\\/#breadcrumb\"},\"inLanguage\":\"en-US\",\"potentialAction\":[{\"@type\":\"ReadAction\",\"target\":[[\"https:\\\/\\\/cancerequality.eu\\\/en\\\/participant-organizations-2025\\\/\"]]}]},{\"@type\":\"BreadcrumbList\",\"@id\":\"https:\\\/\\\/cancerequality.eu\\\/en\\\/participant-organizations-2025\\\/#breadcrumb\",\"itemListElement\":[{\"@type\":\"ListItem\",\"position\":1,\"name\":\"Home\",\"item\":\"https:\\\/\\\/cancerequality.eu\\\/en\\\/\"},{\"@type\":\"ListItem\",\"position\":2,\"name\":\"Participant organizations\"}]},{\"@type\":\"WebSite\",\"@id\":\"https:\\\/\\\/cancerequality.eu\\\/en\\\/#website\",\"url\":\"https:\\\/\\\/cancerequality.eu\\\/en\\\/\",\"name\":\"Cancer Equality\",\"description\":\"On Equality in Beating Cancer\",\"publisher\":{\"@id\":\"https:\\\/\\\/cancerequality.eu\\\/en\\\/#organization\"},\"potentialAction\":[{\"@type\":\"SearchAction\",\"target\":{\"@type\":\"EntryPoint\",\"urlTemplate\":\"https:\\\/\\\/cancerequality.eu\\\/en\\\/?s={search_term_string}\"},\"query-input\":{\"@type\":\"PropertyValueSpecification\",\"valueRequired\":true,\"valueName\":\"search_term_string\"}}],\"inLanguage\":\"en-US\"},{\"@type\":\"Organization\",\"@id\":\"https:\\\/\\\/cancerequality.eu\\\/en\\\/#organization\",\"name\":\"Cancer Equality\",\"url\":\"https:\\\/\\\/cancerequality.eu\\\/en\\\/\",\"logo\":{\"@type\":\"ImageObject\",\"inLanguage\":\"en-US\",\"@id\":\"https:\\\/\\\/cancerequality.eu\\\/en\\\/#\\\/schema\\\/logo\\\/image\\\/\",\"url\":\"https:\\\/\\\/cancerequality.eu\\\/wp-content\\\/uploads\\\/2022\\\/01\\\/onko_fb.jpg\",\"contentUrl\":\"https:\\\/\\\/cancerequality.eu\\\/wp-content\\\/uploads\\\/2022\\\/01\\\/onko_fb.jpg\",\"width\":1200,\"height\":630,\"caption\":\"Cancer Equality\"},\"image\":{\"@id\":\"https:\\\/\\\/cancerequality.eu\\\/en\\\/#\\\/schema\\\/logo\\\/image\\\/\"}}]}<\/script>\n<!-- \/ Yoast SEO plugin. -->","yoast_head_json":{"title":"Participant organizations - Cancer Equality","robots":{"index":"index","follow":"follow","max-snippet":"max-snippet:-1","max-image-preview":"max-image-preview:large","max-video-preview":"max-video-preview:-1"},"canonical":"https:\/\/cancerequality.eu\/en\/participant-organizations-2025\/","og_locale":"en_US","og_type":"article","og_title":"Participant organizations - Cancer Equality","og_url":"https:\/\/cancerequality.eu\/en\/participant-organizations-2025\/","og_site_name":"Cancer Equality","article_modified_time":"2025-03-31T13:23:40+00:00","og_image":[{"width":1200,"height":630,"url":"https:\/\/cancerequality.eu\/wp-content\/uploads\/2022\/01\/onko_fb.jpg","type":"image\/jpeg"}],"twitter_card":"summary_large_image","schema":{"@context":"https:\/\/schema.org","@graph":[{"@type":"WebPage","@id":"https:\/\/cancerequality.eu\/en\/participant-organizations-2025\/","url":"https:\/\/cancerequality.eu\/en\/participant-organizations-2025\/","name":"Participant organizations - Cancer Equality","isPartOf":{"@id":"https:\/\/cancerequality.eu\/en\/#website"},"datePublished":"2025-03-19T21:04:44+00:00","dateModified":"2025-03-31T13:23:40+00:00","breadcrumb":{"@id":"https:\/\/cancerequality.eu\/en\/participant-organizations-2025\/#breadcrumb"},"inLanguage":"en-US","potentialAction":[{"@type":"ReadAction","target":[["https:\/\/cancerequality.eu\/en\/participant-organizations-2025\/"]]}]},{"@type":"BreadcrumbList","@id":"https:\/\/cancerequality.eu\/en\/participant-organizations-2025\/#breadcrumb","itemListElement":[{"@type":"ListItem","position":1,"name":"Home","item":"https:\/\/cancerequality.eu\/en\/"},{"@type":"ListItem","position":2,"name":"Participant organizations"}]},{"@type":"WebSite","@id":"https:\/\/cancerequality.eu\/en\/#website","url":"https:\/\/cancerequality.eu\/en\/","name":"Cancer Equality","description":"On Equality in Beating Cancer","publisher":{"@id":"https:\/\/cancerequality.eu\/en\/#organization"},"potentialAction":[{"@type":"SearchAction","target":{"@type":"EntryPoint","urlTemplate":"https:\/\/cancerequality.eu\/en\/?s={search_term_string}"},"query-input":{"@type":"PropertyValueSpecification","valueRequired":true,"valueName":"search_term_string"}}],"inLanguage":"en-US"},{"@type":"Organization","@id":"https:\/\/cancerequality.eu\/en\/#organization","name":"Cancer Equality","url":"https:\/\/cancerequality.eu\/en\/","logo":{"@type":"ImageObject","inLanguage":"en-US","@id":"https:\/\/cancerequality.eu\/en\/#\/schema\/logo\/image\/","url":"https:\/\/cancerequality.eu\/wp-content\/uploads\/2022\/01\/onko_fb.jpg","contentUrl":"https:\/\/cancerequality.eu\/wp-content\/uploads\/2022\/01\/onko_fb.jpg","width":1200,"height":630,"caption":"Cancer Equality"},"image":{"@id":"https:\/\/cancerequality.eu\/en\/#\/schema\/logo\/image\/"}}]}},"_links":{"self":[{"href":"https:\/\/cancerequality.eu\/en\/wp-json\/wp\/v2\/pages\/699","targetHints":{"allow":["GET"]}}],"collection":[{"href":"https:\/\/cancerequality.eu\/en\/wp-json\/wp\/v2\/pages"}],"about":[{"href":"https:\/\/cancerequality.eu\/en\/wp-json\/wp\/v2\/types\/page"}],"author":[{"embeddable":true,"href":"https:\/\/cancerequality.eu\/en\/wp-json\/wp\/v2\/users\/1"}],"replies":[{"embeddable":true,"href":"https:\/\/cancerequality.eu\/en\/wp-json\/wp\/v2\/comments?post=699"}],"version-history":[{"count":11,"href":"https:\/\/cancerequality.eu\/en\/wp-json\/wp\/v2\/pages\/699\/revisions"}],"predecessor-version":[{"id":759,"href":"https:\/\/cancerequality.eu\/en\/wp-json\/wp\/v2\/pages\/699\/revisions\/759"}],"wp:attachment":[{"href":"https:\/\/cancerequality.eu\/en\/wp-json\/wp\/v2\/media?parent=699"}],"curies":[{"name":"wp","href":"https:\/\/api.w.org\/{rel}","templated":true}]}}