{"id":452,"date":"2022-03-18T16:55:50","date_gmt":"2022-03-18T16:55:50","guid":{"rendered":"https:\/\/cancerequality.eu\/?page_id=452"},"modified":"2025-07-23T16:14:43","modified_gmt":"2025-07-23T16:14:43","slug":"presentations","status":"publish","type":"page","link":"https:\/\/cancerequality.eu\/en\/presentations\/","title":{"rendered":"Presentations"},"content":{"rendered":"<p><\/p>\n<h2>2025<\/h2>\n<p style=\"font-weight: 400;\">Nicol\u00f2 Matteo Luca Battisti: <a href=\"https:\/\/cancerequality.eu\/wp-content\/uploads\/2025\/05\/Battisti_European-Oncology-Patient-Congress-Riga-20052025.pptx\">Presentation<\/a><\/p>\n<p style=\"font-weight: 400;\">Ivars \u012ajabs: <a href=\"https:\/\/cancerequality.eu\/wp-content\/uploads\/2025\/05\/Ivars-I\u0304jabs_Onkokongress_20052025_final.pptx\">Presentation<\/a><\/p>\n<p style=\"font-weight: 400;\">Dheepa Rajan: <a href=\"https:\/\/cancerequality.eu\/wp-content\/uploads\/2025\/05\/Dheepa-Rajan_Riga_cancer-patients-congress_May25_v5.pptx\">Presentation<\/a><\/p>\n<p style=\"font-weight: 400;\">Karla Hern\u00e1ndez-Villafuerte: <a href=\"https:\/\/cancerequality.eu\/wp-content\/uploads\/2025\/05\/Karla-Hernandez-Villafuerte_Oncology-patient-congress_06052025.pptx\">Presentation<\/a><\/p>\n<p style=\"font-weight: 400;\">Bogi Eliasen: <a href=\"https:\/\/cancerequality.eu\/wp-content\/uploads\/2025\/05\/Bogi_Eliasen.pdf\">Presentation<\/a><\/p>\n<p style=\"font-weight: 400;\">M\u0101rcis Leja: <a href=\"https:\/\/cancerequality.eu\/wp-content\/uploads\/2025\/05\/Marcis-Leja_250520-Oncology-patient-congress_petijumi-v.6-FINAL.pptx\">Presentation<\/a><\/p>\n<p style=\"font-weight: 400;\">Zofia Das-Gupta: <a href=\"https:\/\/cancerequality.eu\/wp-content\/uploads\/2025\/05\/Zofia-Das-Gupta_Oncology-patient-congress_ICHOM.pptx\">Presentation<\/a><\/p>\n<p style=\"font-weight: 400;\">Adam Sohn: <a href=\"https:\/\/cancerequality.eu\/wp-content\/uploads\/2025\/05\/Adam-Sohn_European-Oncology-Patient-Congress_20May2025_vFINAL.pptx\">Presentation<\/a><\/p>\n<p><a href=\"https:\/\/cancerequality.eu\/wp-content\/uploads\/2025\/07\/iqvia-institute-hope-summary-11-24-forweb.pdf\">Hematologic Cancer Opportunities for Patient Equality (HOPE)<\/a><\/p>\n<p>Ana Marjanovikj: <a href=\"https:\/\/cancerequality.eu\/wp-content\/uploads\/2025\/05\/Ana-Marjanovikj_HEMA-ONKO_North-Macedonia.pptx\">Presentation<\/a><\/p>\n<p>Gregory Kyriakidis: <a href=\"https:\/\/cancerequality.eu\/wp-content\/uploads\/2025\/05\/Gregory-Kyriakidis_-K.E.F.I._Greece.pdf\">Presentation<\/a><\/p>\n<p>Ines Aoufi: <a href=\"https:\/\/cancerequality.eu\/wp-content\/uploads\/2025\/05\/Ines-Aoufi_Ending-Discrimination-Against-Cancer-Survivors.pptx\">Presentation<\/a><\/p>\n<p>Neringa \u010ciakiene: <a href=\"https:\/\/cancerequality.eu\/wp-content\/uploads\/2025\/05\/Neringa-C\u030ciakiene_POLA_Lithuania.pptx\">Presentation<\/a><\/p>\n<p>Olga Valci\u0146a: <a href=\"https:\/\/cancerequality.eu\/wp-content\/uploads\/2025\/05\/Olga-Valcin\u0327a_OnkoAlianse_Latvia.pptx\" target=\"_blank\" rel=\"noopener\">Presentation<\/a><\/p>\n<p>RSU Institute of Public Health: <a href=\"https:\/\/cancerequality.eu\/wp-content\/uploads\/2025\/05\/RSU-Institute-of-Public-Health_Reasons-for-cancer-care-inequalities.pptx\">Presentation<\/a><\/p>\n<p>&nbsp;<\/p>\n<p>&nbsp;<\/p>\n<h2>2022<\/h2>\n<p>Bettina Ryll: <a href=\"https:\/\/cancerequality.eu\/wp-content\/uploads\/2022\/03\/10_00_Bettina-Ryll.pdf\" target=\"_blank\" rel=\"noopener\">Presentation<\/a><\/p>\n<p>Kathy Oliver: <a href=\"https:\/\/cancerequality.eu\/wp-content\/uploads\/2022\/03\/10_17_Kathy_Oliver_updated.pdf\" target=\"_blank\" rel=\"noopener\">Presentation<\/a>, <a href=\"https:\/\/cancerequality.eu\/wp-content\/uploads\/2022\/03\/10_17_Kathy_Oliver_transcript.pdf\" target=\"_blank\" rel=\"noopener\">Transcript<\/a><\/p>\n<p>Sonata Jarmalaite: <a href=\"https:\/\/cancerequality.eu\/wp-content\/uploads\/2022\/03\/10_25_Sonata-Jarmalaite_LABOTS.pdf\" target=\"_blank\" rel=\"noopener\">Presentation<\/a><\/p>\n<p>Dita Dz\u0113rviniece: <a href=\"https:\/\/cancerequality.eu\/wp-content\/uploads\/2022\/03\/10_35_Dita_Dzerviniece.pdf\" target=\"_blank\" rel=\"noopener\">Presentation<\/a><\/p>\n<p>Nicolae \u0218tef\u0103nu\u021b\u0103: <a href=\"https:\/\/cancerequality.eu\/wp-content\/uploads\/2022\/03\/11_47_Nicolae_S\u0326tefa\u0306nut\u0326a\u0306.pdf\" target=\"_blank\" rel=\"noopener\">Presentation<\/a><\/p>\n<p>M\u0101rcis Leja: <a href=\"https:\/\/cancerequality.eu\/wp-content\/uploads\/2022\/03\/11_55_Marcis_Leja.pdf\" target=\"_blank\" rel=\"noopener\">Presentation<\/a><\/p>\n<p>Partha Basu: <a href=\"https:\/\/cancerequality.eu\/wp-content\/uploads\/2022\/03\/12_05_Partha_Basu.pdf\" target=\"_blank\" rel=\"noopener\">Presentation<\/a><\/p>\n<p>Marius Geant\u0103: <a href=\"https:\/\/cancerequality.eu\/wp-content\/uploads\/2022\/03\/14_35_Marius_Geanta.pdf\" target=\"_blank\" rel=\"noopener\">Presentation<\/a><\/p>\n<p>Stanimir Hasurdjiev: <a href=\"https:\/\/cancerequality.eu\/wp-content\/uploads\/2022\/03\/14_45_Stanimir_Hasardzhiev.pdf\" target=\"_blank\" rel=\"noopener\">Presentation<\/a><\/p>\n<p>Toivo T\u00e4navsuu: <a href=\"https:\/\/cancerequality.eu\/wp-content\/uploads\/2022\/03\/14_55_Toivo_Tanavsuu.pdf\" target=\"_blank\" rel=\"noopener\">Presentation<\/a><\/p>\n<p>Giuseppe Curigliano: <a href=\"https:\/\/cancerequality.eu\/wp-content\/uploads\/2022\/03\/16_17_Giuseppe_Curigliano_ESMO.pdf\" target=\"_blank\" rel=\"noopener\">Presentation<\/a><\/p>\n<p>Jin Young Park: <a href=\"https:\/\/cancerequality.eu\/wp-content\/uploads\/2022\/03\/16_30_Jin_Young_Park_FINAL.pdf\" target=\"_blank\" rel=\"noopener\">Presentation<\/a><\/p>\n<p>Alinta Hegmane: <a href=\"https:\/\/cancerequality.eu\/wp-content\/uploads\/2022\/03\/16_45_Alinta_Hegmane.pdf\" target=\"_blank\" rel=\"noopener\">Presentation<\/a><\/p>\n<p>Francisco Rocha Gon\u00e7alves: <a href=\"https:\/\/cancerequality.eu\/wp-content\/uploads\/2022\/03\/17_00_Francisco_Rocha_Gonc\u0327alves.pdf\" target=\"_blank\" rel=\"noopener\">Presentation<\/a><\/p>","protected":false},"excerpt":{"rendered":"<p>2025 Nicol\u00f2 Matteo Luca Battisti: Presentation Ivars \u012ajabs: Presentation Dheepa Rajan: Presentation Karla Hern\u00e1ndez-Villafuerte: Presentation Bogi Eliasen: Presentation M\u0101rcis Leja: Presentation Zofia Das-Gupta: Presentation Adam Sohn: Presentation Hematologic Cancer Opportunities for Patient Equality (HOPE) Ana Marjanovikj: Presentation Gregory Kyriakidis: Presentation Ines Aoufi: Presentation Neringa \u010ciakiene: Presentation Olga Valci\u0146a: Presentation RSU Institute of Public Health: Presentation [&hellip;]<\/p>\n","protected":false},"author":1,"featured_media":0,"parent":0,"menu_order":0,"comment_status":"closed","ping_status":"closed","template":"","meta":{"inline_featured_image":false,"footnotes":""},"class_list":["post-452","page","type-page","status-publish","hentry"],"acf":[],"yoast_head":"<!-- This site is optimized with the Yoast SEO plugin v27.4 - https:\/\/yoast.com\/product\/yoast-seo-wordpress\/ -->\n<title>Presentations - Cancer Equality<\/title>\n<meta name=\"robots\" content=\"index, follow, max-snippet:-1, max-image-preview:large, max-video-preview:-1\" \/>\n<link rel=\"canonical\" href=\"https:\/\/cancerequality.eu\/en\/presentations\/\" \/>\n<meta property=\"og:locale\" content=\"en_US\" \/>\n<meta property=\"og:type\" content=\"article\" \/>\n<meta property=\"og:title\" content=\"Presentations - Cancer Equality\" \/>\n<meta property=\"og:description\" content=\"2025 Nicol\u00f2 Matteo Luca Battisti: Presentation Ivars \u012ajabs: Presentation Dheepa Rajan: Presentation Karla Hern\u00e1ndez-Villafuerte: Presentation Bogi Eliasen: Presentation M\u0101rcis Leja: Presentation Zofia Das-Gupta: Presentation Adam Sohn: Presentation Hematologic Cancer Opportunities for Patient Equality (HOPE) Ana Marjanovikj: Presentation Gregory Kyriakidis: Presentation Ines Aoufi: Presentation Neringa \u010ciakiene: Presentation Olga Valci\u0146a: Presentation RSU Institute of Public Health: Presentation [&hellip;]\" \/>\n<meta property=\"og:url\" content=\"https:\/\/cancerequality.eu\/en\/presentations\/\" \/>\n<meta property=\"og:site_name\" content=\"Cancer Equality\" \/>\n<meta property=\"article:modified_time\" content=\"2025-07-23T16:14:43+00:00\" \/>\n<meta property=\"og:image\" content=\"https:\/\/cancerequality.eu\/wp-content\/uploads\/2022\/01\/onko_fb.jpg\" \/>\n\t<meta property=\"og:image:width\" content=\"1200\" \/>\n\t<meta property=\"og:image:height\" content=\"630\" \/>\n\t<meta property=\"og:image:type\" content=\"image\/jpeg\" \/>\n<meta name=\"twitter:card\" content=\"summary_large_image\" \/>\n<meta name=\"twitter:label1\" content=\"Est. reading time\" \/>\n\t<meta name=\"twitter:data1\" content=\"1 minute\" \/>\n<script type=\"application\/ld+json\" class=\"yoast-schema-graph\">{\"@context\":\"https:\\\/\\\/schema.org\",\"@graph\":[{\"@type\":\"WebPage\",\"@id\":\"https:\\\/\\\/cancerequality.eu\\\/en\\\/presentations\\\/\",\"url\":\"https:\\\/\\\/cancerequality.eu\\\/en\\\/presentations\\\/\",\"name\":\"Presentations - Cancer Equality\",\"isPartOf\":{\"@id\":\"https:\\\/\\\/cancerequality.eu\\\/en\\\/#website\"},\"datePublished\":\"2022-03-18T16:55:50+00:00\",\"dateModified\":\"2025-07-23T16:14:43+00:00\",\"breadcrumb\":{\"@id\":\"https:\\\/\\\/cancerequality.eu\\\/en\\\/presentations\\\/#breadcrumb\"},\"inLanguage\":\"en-US\",\"potentialAction\":[{\"@type\":\"ReadAction\",\"target\":[[\"https:\\\/\\\/cancerequality.eu\\\/en\\\/presentations\\\/\"]]}]},{\"@type\":\"BreadcrumbList\",\"@id\":\"https:\\\/\\\/cancerequality.eu\\\/en\\\/presentations\\\/#breadcrumb\",\"itemListElement\":[{\"@type\":\"ListItem\",\"position\":1,\"name\":\"Home\",\"item\":\"https:\\\/\\\/cancerequality.eu\\\/en\\\/\"},{\"@type\":\"ListItem\",\"position\":2,\"name\":\"Prezent\u0101cijas\"}]},{\"@type\":\"WebSite\",\"@id\":\"https:\\\/\\\/cancerequality.eu\\\/en\\\/#website\",\"url\":\"https:\\\/\\\/cancerequality.eu\\\/en\\\/\",\"name\":\"Cancer Equality\",\"description\":\"On Equality in Beating Cancer\",\"publisher\":{\"@id\":\"https:\\\/\\\/cancerequality.eu\\\/en\\\/#organization\"},\"potentialAction\":[{\"@type\":\"SearchAction\",\"target\":{\"@type\":\"EntryPoint\",\"urlTemplate\":\"https:\\\/\\\/cancerequality.eu\\\/en\\\/?s={search_term_string}\"},\"query-input\":{\"@type\":\"PropertyValueSpecification\",\"valueRequired\":true,\"valueName\":\"search_term_string\"}}],\"inLanguage\":\"en-US\"},{\"@type\":\"Organization\",\"@id\":\"https:\\\/\\\/cancerequality.eu\\\/en\\\/#organization\",\"name\":\"Cancer Equality\",\"url\":\"https:\\\/\\\/cancerequality.eu\\\/en\\\/\",\"logo\":{\"@type\":\"ImageObject\",\"inLanguage\":\"en-US\",\"@id\":\"https:\\\/\\\/cancerequality.eu\\\/en\\\/#\\\/schema\\\/logo\\\/image\\\/\",\"url\":\"https:\\\/\\\/cancerequality.eu\\\/wp-content\\\/uploads\\\/2022\\\/01\\\/onko_fb.jpg\",\"contentUrl\":\"https:\\\/\\\/cancerequality.eu\\\/wp-content\\\/uploads\\\/2022\\\/01\\\/onko_fb.jpg\",\"width\":1200,\"height\":630,\"caption\":\"Cancer Equality\"},\"image\":{\"@id\":\"https:\\\/\\\/cancerequality.eu\\\/en\\\/#\\\/schema\\\/logo\\\/image\\\/\"}}]}<\/script>\n<!-- \/ Yoast SEO plugin. -->","yoast_head_json":{"title":"Presentations - Cancer Equality","robots":{"index":"index","follow":"follow","max-snippet":"max-snippet:-1","max-image-preview":"max-image-preview:large","max-video-preview":"max-video-preview:-1"},"canonical":"https:\/\/cancerequality.eu\/en\/presentations\/","og_locale":"en_US","og_type":"article","og_title":"Presentations - Cancer Equality","og_description":"2025 Nicol\u00f2 Matteo Luca Battisti: Presentation Ivars \u012ajabs: Presentation Dheepa Rajan: Presentation Karla Hern\u00e1ndez-Villafuerte: Presentation Bogi Eliasen: Presentation M\u0101rcis Leja: Presentation Zofia Das-Gupta: Presentation Adam Sohn: Presentation Hematologic Cancer Opportunities for Patient Equality (HOPE) Ana Marjanovikj: Presentation Gregory Kyriakidis: Presentation Ines Aoufi: Presentation Neringa \u010ciakiene: Presentation Olga Valci\u0146a: Presentation RSU Institute of Public Health: Presentation [&hellip;]","og_url":"https:\/\/cancerequality.eu\/en\/presentations\/","og_site_name":"Cancer Equality","article_modified_time":"2025-07-23T16:14:43+00:00","og_image":[{"width":1200,"height":630,"url":"https:\/\/cancerequality.eu\/wp-content\/uploads\/2022\/01\/onko_fb.jpg","type":"image\/jpeg"}],"twitter_card":"summary_large_image","twitter_misc":{"Est. reading time":"1 minute"},"schema":{"@context":"https:\/\/schema.org","@graph":[{"@type":"WebPage","@id":"https:\/\/cancerequality.eu\/en\/presentations\/","url":"https:\/\/cancerequality.eu\/en\/presentations\/","name":"Presentations - Cancer Equality","isPartOf":{"@id":"https:\/\/cancerequality.eu\/en\/#website"},"datePublished":"2022-03-18T16:55:50+00:00","dateModified":"2025-07-23T16:14:43+00:00","breadcrumb":{"@id":"https:\/\/cancerequality.eu\/en\/presentations\/#breadcrumb"},"inLanguage":"en-US","potentialAction":[{"@type":"ReadAction","target":[["https:\/\/cancerequality.eu\/en\/presentations\/"]]}]},{"@type":"BreadcrumbList","@id":"https:\/\/cancerequality.eu\/en\/presentations\/#breadcrumb","itemListElement":[{"@type":"ListItem","position":1,"name":"Home","item":"https:\/\/cancerequality.eu\/en\/"},{"@type":"ListItem","position":2,"name":"Prezent\u0101cijas"}]},{"@type":"WebSite","@id":"https:\/\/cancerequality.eu\/en\/#website","url":"https:\/\/cancerequality.eu\/en\/","name":"Cancer Equality","description":"On Equality in Beating Cancer","publisher":{"@id":"https:\/\/cancerequality.eu\/en\/#organization"},"potentialAction":[{"@type":"SearchAction","target":{"@type":"EntryPoint","urlTemplate":"https:\/\/cancerequality.eu\/en\/?s={search_term_string}"},"query-input":{"@type":"PropertyValueSpecification","valueRequired":true,"valueName":"search_term_string"}}],"inLanguage":"en-US"},{"@type":"Organization","@id":"https:\/\/cancerequality.eu\/en\/#organization","name":"Cancer Equality","url":"https:\/\/cancerequality.eu\/en\/","logo":{"@type":"ImageObject","inLanguage":"en-US","@id":"https:\/\/cancerequality.eu\/en\/#\/schema\/logo\/image\/","url":"https:\/\/cancerequality.eu\/wp-content\/uploads\/2022\/01\/onko_fb.jpg","contentUrl":"https:\/\/cancerequality.eu\/wp-content\/uploads\/2022\/01\/onko_fb.jpg","width":1200,"height":630,"caption":"Cancer Equality"},"image":{"@id":"https:\/\/cancerequality.eu\/en\/#\/schema\/logo\/image\/"}}]}},"_links":{"self":[{"href":"https:\/\/cancerequality.eu\/en\/wp-json\/wp\/v2\/pages\/452","targetHints":{"allow":["GET"]}}],"collection":[{"href":"https:\/\/cancerequality.eu\/en\/wp-json\/wp\/v2\/pages"}],"about":[{"href":"https:\/\/cancerequality.eu\/en\/wp-json\/wp\/v2\/types\/page"}],"author":[{"embeddable":true,"href":"https:\/\/cancerequality.eu\/en\/wp-json\/wp\/v2\/users\/1"}],"replies":[{"embeddable":true,"href":"https:\/\/cancerequality.eu\/en\/wp-json\/wp\/v2\/comments?post=452"}],"version-history":[{"count":26,"href":"https:\/\/cancerequality.eu\/en\/wp-json\/wp\/v2\/pages\/452\/revisions"}],"predecessor-version":[{"id":966,"href":"https:\/\/cancerequality.eu\/en\/wp-json\/wp\/v2\/pages\/452\/revisions\/966"}],"wp:attachment":[{"href":"https:\/\/cancerequality.eu\/en\/wp-json\/wp\/v2\/media?parent=452"}],"curies":[{"name":"wp","href":"https:\/\/api.w.org\/{rel}","templated":true}]}}